{"id":6253,"date":"2017-10-10T05:08:10","date_gmt":"2017-10-10T05:08:10","guid":{"rendered":"https:\/\/www.animations-doumica.com\/showgirls-las-vegas\/"},"modified":"2025-10-02T09:03:17","modified_gmt":"2025-10-02T13:03:17","slug":"showgirls-las-vegas","status":"publish","type":"page","link":"https:\/\/www.animations-doumica.com\/en\/showgirls-las-vegas\/","title":{"rendered":"Showgirls Las Vegas"},"content":{"rendered":"<p><div class=\"fusion-fullwidth fullwidth-box fusion-builder-row-1 hundred-percent-fullwidth non-hundred-percent-height-scrolling\" style=\"--awb-border-radius-top-left:0px;--awb-border-radius-top-right:0px;--awb-border-radius-bottom-right:0px;--awb-border-radius-bottom-left:0px;--awb-padding-top:0px;--awb-padding-right:0px;--awb-padding-bottom:0px;--awb-padding-left:0px;--awb-flex-wrap:wrap;\" ><div class=\"fusion-builder-row fusion-row\"><div class=\"fusion-layout-column fusion_builder_column fusion-builder-column-0 fusion_builder_column_1_1 1_1 fusion-one-full fusion-column-first fusion-column-last\" style=\"--awb-bg-size:cover;\"><div class=\"fusion-column-wrapper fusion-column-has-shadow fusion-flex-column-wrapper-legacy\">\t\t\t\t\t<div class=\"fusion-slider-container fusion-slider-sc-showgirls-las-vegas fusion-slider-39 full-width-slider\" style=\"height:640px; max-width:100%;\" data-id=\"39\" data-full_height=\"\">\n\t\t\t\t\t\t<style type=\"text\/css\">.fusion-slider-39 .flex-direction-nav a {font-size:25px;}<\/style>\t\t\t\t\t\t<div class=\"fusion-slider-loading\">Loading...<\/div>\n\t\t\t\t\t\t<div class=\"tfs-slider flexslider main-flex full-width-slider\" data-slider_width=\"100%\" data-slider_height=\"640px\" data-full_screen=\"0\" data-parallax=\"0\" data-nav_arrows=\"1\" data-nav_arrow_size=\"25px\" data-pagination_circles=\"0\" data-autoplay=\"1\" data-loop=\"0\" data-animation=\"fade\" data-slideshow_speed=\"7000\" data-animation_speed=\"600\" data-typo_sensitivity=\"1\" data-typo_factor=\"1.5\" data-orderby=\"date\" data-order=\"DESC\" style=\"max-width:100%;\">\n\t\t\t\t\t\t\t<ul class=\"slides\">\n\t\t\t\t\t\t\t\t\t\t\t\t\t\t\t\t\t<li data-mute=\"yes\" data-loop=\"yes\" data-autoplay=\"yes\">\n\t\t\t\t\t\t\t\t\t\t<div class=\"slide-content-container slide-content-center\" style=\"display: none;\">\n\t\t\t\t\t\t\t\t\t\t\t<div class=\"slide-content\" style=\"\">\n\t\t\t\t\t\t\t\t\t\t\t\t\t\t\t\t\t\t\t\t\t\t\t\t\t\t\t\t\t\t\t\t\t\t\t\t\t\t\t\t\t\t\t\t\t\t\t\t\t<div class=\"buttons\" >\n\t\t\t\t\t\t\t\t\t\t\t\t\t\t\t\t\t\t\t\t\t\t\t\t\t\t\t\t\t\t\t\t\t\t\t\t\t\t\t\t\t<\/div>\n\t\t\t\t\t\t\t\t\t\t\t\t\t\t\t\t\t\t\t\t\t\t\t<\/div>\n\t\t\t\t\t\t\t\t\t\t<\/div>\n\t\t\t\t\t\t\t\t\t\t\t\t\t\t\t\t\t\t\t\t\t\t\t\t\t\t\t\t\t\t\t\t\t\t\t\t\t\t\t\t<div class=\"background background-image\" style=\"background-image: url(https:\/\/www.animations-doumica.com\/wp-content\/uploads\/2017\/09\/15400491_792855694187144_8752648938963412648_n-1.jpg);max-width:100%;height:640px;filter: progid:DXImageTransform.Microsoft.AlphaImageLoader(src='https:\/\/www.animations-doumica.com\/wp-content\/uploads\/2017\/09\/15400491_792855694187144_8752648938963412648_n-1.jpg', sizingMethod='scale');\" data-imgwidth=\"960\">\n\t\t\t\t\t\t\t\t\t\t\t\t\t\t\t\t\t\t\t\t\t\t\t\t\t\t\t\t\t\t\t\t\t\t\t\t\t\t\t\t\t\t\t\t\t\t\t\t\t\t\t\t\t\t\t\t\t\t\t\t\t\t\t\t\t\t<\/div>\n\t\t\t\t\t\t\t\t\t<\/li>\n\t\t\t\t\t\t\t\t\t\t\t\t\t\t\t\t\t\t\t\t\t\t\t<\/ul>\n\t\t\t\t\t\t<\/div>\n\t\t\t\t\t<\/div>\n\t\t\t\t\t\t\t\t<div class=\"fusion-clearfix\"><\/div><\/div><\/div><\/div><\/div><div class=\"fusion-fullwidth fullwidth-box fusion-builder-row-2 nonhundred-percent-fullwidth non-hundred-percent-height-scrolling\" style=\"--awb-border-radius-top-left:0px;--awb-border-radius-top-right:0px;--awb-border-radius-bottom-right:0px;--awb-border-radius-bottom-left:0px;--awb-flex-wrap:wrap;\" ><div class=\"fusion-builder-row fusion-row\"><div class=\"fusion-layout-column fusion_builder_column fusion-builder-column-1 fusion_builder_column_1_1 1_1 fusion-one-full fusion-column-first fusion-column-last\" style=\"--awb-bg-blend:overlay;--awb-bg-size:cover;\"><div class=\"fusion-column-wrapper fusion-flex-column-wrapper-legacy\"><div class=\"fusion-text fusion-text-1\"><h2 style=\"text-align: center;\">SPECTACLE TH\u00c9MATIQUE LAS VEGAS<\/h2>\n<\/div><div class=\"fusion-aligncenter\"><a class=\"fusion-button button-flat fusion-button-default-size button-default fusion-button-default button-1 fusion-button-default-span fusion-button-default-type\" target=\"_self\" href=\"https:\/\/www.animations-doumica.com\/contact\/\"><span class=\"fusion-button-text awb-button__text awb-button__text--default\">OBTENIR UNE SOUMISSION<\/span><\/a><\/div><div class=\"fusion-text fusion-text-2\"><h2>Spectacle th\u00e9matique Las Vegas<\/h2>\n<p>Plumes, paillettes et diamants.<\/p>\n<p>Vous organisez une soir\u00e9e casino, une soir\u00e9e th\u00e9matique Gatsby ou un th\u00e8me Las Vegas? Replongez-vous dans les ann\u00e9es 20 avec les d\u00e9but des bars clandestins, des pari et de la f\u00eate. \u00a0Vous aimeriez offrir un majestueux spectacle et une animation \u00e9v\u00e9nementielle \u00e0 vos convives ou des h\u00f4tesses qui ne passeront pas inaper\u00e7u? Les Showgirls de Las Vegas sont r\u00e9put\u00e9es pour leurs chor\u00e9graphies \u00e9poustouflante et leurs fabuleux costumes. D&#8217;autant plus qu&#8217;au d\u00e9but des ann\u00e9es 1920 Leur prestigieux spectacles\u00a0 attireraient des gens du monde entier pour admirer leur spectacle tel un mirage. Nous vous offrons la soir\u00e9e th\u00e9matique Las Vegas compl\u00e8te et ramenons le pass\u00e9 et le pr\u00e9sent \u00e0 nos \u00e9tonnantes stars de Vegas. En sommes,\u00a0 nul besoin de se payer un billet d&#8217;avion et\u00a0 d&#8217;aller au Flamingo ou \u00e0 Planet Hollywood, cette th\u00e9matique\u00a0 Las Vegas est \u00e0 la hauteur de vos attentes.<\/p>\n<\/div><div class=\"fusion-image-element fusion-image-align-center in-legacy-container\" style=\"text-align:center;--awb-caption-title-font-family:var(--h2_typography-font-family);--awb-caption-title-font-weight:var(--h2_typography-font-weight);--awb-caption-title-font-style:var(--h2_typography-font-style);--awb-caption-title-size:var(--h2_typography-font-size);--awb-caption-title-transform:var(--h2_typography-text-transform);--awb-caption-title-line-height:var(--h2_typography-line-height);--awb-caption-title-letter-spacing:var(--h2_typography-letter-spacing);\"><div class=\"imageframe-align-center\"><span class=\" fusion-imageframe imageframe-none imageframe-1 hover-type-none\"><img decoding=\"async\" width=\"300\" height=\"200\" alt=\"Soir\u00e9e th\u00e9matique\" title=\"le diner en blanc quai de lhorloge 13 aout 2015 309878\" src=\"https:\/\/www.animations-doumica.com\/wp-content\/uploads\/2017\/09\/le-diner-en-blanc-quai-de-lhorloge-13-aout-2015-309878-300x200.jpg\" class=\"img-responsive wp-image-2494\" srcset=\"https:\/\/www.animations-doumica.com\/wp-content\/uploads\/2017\/09\/le-diner-en-blanc-quai-de-lhorloge-13-aout-2015-309878-200x133.jpg 200w, https:\/\/www.animations-doumica.com\/wp-content\/uploads\/2017\/09\/le-diner-en-blanc-quai-de-lhorloge-13-aout-2015-309878-400x267.jpg 400w, https:\/\/www.animations-doumica.com\/wp-content\/uploads\/2017\/09\/le-diner-en-blanc-quai-de-lhorloge-13-aout-2015-309878-600x400.jpg 600w, https:\/\/www.animations-doumica.com\/wp-content\/uploads\/2017\/09\/le-diner-en-blanc-quai-de-lhorloge-13-aout-2015-309878-800x533.jpg 800w, https:\/\/www.animations-doumica.com\/wp-content\/uploads\/2017\/09\/le-diner-en-blanc-quai-de-lhorloge-13-aout-2015-309878.jpg 1200w\" sizes=\"(max-width: 800px) 100vw, 300px\" \/><\/span><\/div><\/div><div class=\"fusion-text fusion-text-3\"><h4>R\u00e9servation<\/h4>\n<\/div><div class=\"fusion-text fusion-text-4\"><p>Tout d&#8217;abord, ce spectacle est id\u00e9al entre les services du repas ou pour faire une surprise \u00e0 vos invit\u00e9s durant la soir\u00e9e. deuxi\u00e8mement, vous devez pr\u00e9voir un endroit ferm\u00e9 \u00e0 l&#8217;abri des regards afin que les danseuses \u00e0 plumes puissent se changer et laisser leur effets personnels. Finalement, vous devez nous indiquer le lieu de l&#8217;\u00e9v\u00e9nement, la date ainsi que le nombre d&#8217;invit\u00e9s. De cette fa\u00e7on, nous serons en mesure de vous envoyer une soumission d\u00e9taill\u00e9 pour ce spectacle de danse th\u00e8me Las Vegas. Ce spectacle est id\u00e9al pour tout type d&#8217;\u00e9v\u00e9nement: mariage, anniversaire, \u00e9v\u00e9nement corporatif, bapt\u00eame, communion.\u00a0 Vos invit\u00e9s seront ravi de contempler ce majestueux spectacle.<\/p>\n<\/div><div class=\"fusion-clearfix\"><\/div><\/div><\/div><\/div><\/div><div class=\"fusion-fullwidth fullwidth-box fusion-builder-row-3 nonhundred-percent-fullwidth non-hundred-percent-height-scrolling\" style=\"--awb-border-radius-top-left:0px;--awb-border-radius-top-right:0px;--awb-border-radius-bottom-right:0px;--awb-border-radius-bottom-left:0px;--awb-flex-wrap:wrap;\" ><div class=\"fusion-builder-row fusion-row\"><div class=\"fusion-layout-column fusion_builder_column fusion-builder-column-2 fusion_builder_column_1_1 1_1 fusion-one-full fusion-column-first fusion-column-last\" style=\"--awb-bg-size:cover;\"><div class=\"fusion-column-wrapper fusion-column-has-shadow fusion-flex-column-wrapper-legacy\"><div class=\"fusion-aligncenter\"><a class=\"fusion-button button-flat fusion-button-default-size button-default fusion-button-default button-2 fusion-button-default-span fusion-button-default-type\" target=\"_self\" href=\"https:\/\/www.animations-doumica.com\/contact\/\"><span class=\"fusion-button-text awb-button__text awb-button__text--default\">OBTENIR UNE SOUMISSION<\/span><\/a><\/div><div class=\"fusion-clearfix\"><\/div><\/div><\/div><\/div><\/div><\/p>\n","protected":false},"excerpt":{"rendered":"","protected":false},"author":1,"featured_media":0,"parent":0,"menu_order":0,"comment_status":"closed","ping_status":"closed","template":"100-width.php","meta":{"footnotes":""},"class_list":["post-6253","page","type-page","status-publish","hentry"],"yoast_head":"<!-- This site is optimized with the Yoast SEO Premium plugin v26.0 (Yoast SEO v26.0) - https:\/\/yoast.com\/wordpress\/plugins\/seo\/ -->\n<title>Spectacle th\u00e9matique Las Vegas- spectacle de danse Las v\u00e9gas<\/title>\n<meta name=\"description\" content=\"Vous voulez leur en mettre plein la vue? Choisissez notre spectacle th\u00e9matique Las Vegas Danseuse \u00e0 plumes et costumes majestueux.\" \/>\n<meta name=\"robots\" content=\"index, follow, max-snippet:-1, max-image-preview:large, max-video-preview:-1\" \/>\n<link rel=\"canonical\" href=\"https:\/\/www.animations-doumica.com\/en\/showgirls-las-vegas\/\" \/>\n<meta property=\"og:locale\" content=\"en_US\" \/>\n<meta property=\"og:type\" content=\"article\" \/>\n<meta property=\"og:title\" content=\"Showgirls Las Vegas\" \/>\n<meta property=\"og:description\" content=\"Vous voulez leur en mettre plein la vue? Choisissez notre spectacle th\u00e9matique Las Vegas Danseuse \u00e0 plumes et costumes majestueux.\" \/>\n<meta property=\"og:url\" content=\"https:\/\/www.animations-doumica.com\/en\/showgirls-las-vegas\/\" \/>\n<meta property=\"og:site_name\" content=\"Agence \u00e9v\u00e9nementielle Montr\u00e9al Qu\u00e9bec\" \/>\n<meta property=\"article:publisher\" content=\"https:\/\/www.facebook.com\/animations.doumica\/\" \/>\n<meta property=\"article:modified_time\" content=\"2025-10-02T13:03:17+00:00\" \/>\n<meta property=\"og:image\" content=\"https:\/\/www.animations-doumica.com\/wp-content\/uploads\/2017\/07\/Album-principal.jpg\" \/>\n\t<meta property=\"og:image:width\" content=\"940\" \/>\n\t<meta property=\"og:image:height\" content=\"400\" \/>\n\t<meta property=\"og:image:type\" content=\"image\/jpeg\" \/>\n<meta name=\"twitter:card\" content=\"summary_large_image\" \/>\n<meta name=\"twitter:site\" content=\"@Doumica\" \/>\n<meta name=\"twitter:label1\" content=\"Est. reading time\" \/>\n\t<meta name=\"twitter:data1\" content=\"2 minutes\" \/>\n<script type=\"application\/ld+json\" class=\"yoast-schema-graph\">{\"@context\":\"https:\/\/schema.org\",\"@graph\":[{\"@type\":\"WebPage\",\"@id\":\"https:\/\/www.animations-doumica.com\/en\/showgirls-las-vegas\/\",\"url\":\"https:\/\/www.animations-doumica.com\/en\/showgirls-las-vegas\/\",\"name\":\"Spectacle th\u00e9matique Las Vegas- spectacle de danse Las v\u00e9gas\",\"isPartOf\":{\"@id\":\"https:\/\/www.animations-doumica.com\/en\/#website\"},\"datePublished\":\"2017-10-10T05:08:10+00:00\",\"dateModified\":\"2025-10-02T13:03:17+00:00\",\"description\":\"Vous voulez leur en mettre plein la vue? Choisissez notre spectacle th\u00e9matique Las Vegas Danseuse \u00e0 plumes et costumes majestueux.\",\"breadcrumb\":{\"@id\":\"https:\/\/www.animations-doumica.com\/en\/showgirls-las-vegas\/#breadcrumb\"},\"inLanguage\":\"en-US\",\"potentialAction\":[{\"@type\":\"ReadAction\",\"target\":[\"https:\/\/www.animations-doumica.com\/en\/showgirls-las-vegas\/\"]}]},{\"@type\":\"BreadcrumbList\",\"@id\":\"https:\/\/www.animations-doumica.com\/en\/showgirls-las-vegas\/#breadcrumb\",\"itemListElement\":[{\"@type\":\"ListItem\",\"position\":1,\"name\":\"Home\",\"item\":\"https:\/\/www.animations-doumica.com\/en\/\"},{\"@type\":\"ListItem\",\"position\":2,\"name\":\"Showgirls Las Vegas\"}]},{\"@type\":\"WebSite\",\"@id\":\"https:\/\/www.animations-doumica.com\/en\/#website\",\"url\":\"https:\/\/www.animations-doumica.com\/en\/\",\"name\":\"Agence \u00e9v\u00e9nementielle Montr\u00e9al Qu\u00e9bec\",\"description\":\"Organisation d\u2019\u00e9v\u00e9nement &amp; animation de soir\u00e9e\",\"potentialAction\":[{\"@type\":\"SearchAction\",\"target\":{\"@type\":\"EntryPoint\",\"urlTemplate\":\"https:\/\/www.animations-doumica.com\/en\/?s={search_term_string}\"},\"query-input\":{\"@type\":\"PropertyValueSpecification\",\"valueRequired\":true,\"valueName\":\"search_term_string\"}}],\"inLanguage\":\"en-US\"}]}<\/script>\n<!-- \/ Yoast SEO Premium plugin. -->","yoast_head_json":{"title":"Spectacle th\u00e9matique Las Vegas- spectacle de danse Las v\u00e9gas","description":"Vous voulez leur en mettre plein la vue? Choisissez notre spectacle th\u00e9matique Las Vegas Danseuse \u00e0 plumes et costumes majestueux.","robots":{"index":"index","follow":"follow","max-snippet":"max-snippet:-1","max-image-preview":"max-image-preview:large","max-video-preview":"max-video-preview:-1"},"canonical":"https:\/\/www.animations-doumica.com\/en\/showgirls-las-vegas\/","og_locale":"en_US","og_type":"article","og_title":"Showgirls Las Vegas","og_description":"Vous voulez leur en mettre plein la vue? Choisissez notre spectacle th\u00e9matique Las Vegas Danseuse \u00e0 plumes et costumes majestueux.","og_url":"https:\/\/www.animations-doumica.com\/en\/showgirls-las-vegas\/","og_site_name":"Agence \u00e9v\u00e9nementielle Montr\u00e9al Qu\u00e9bec","article_publisher":"https:\/\/www.facebook.com\/animations.doumica\/","article_modified_time":"2025-10-02T13:03:17+00:00","og_image":[{"width":940,"height":400,"url":"https:\/\/www.animations-doumica.com\/wp-content\/uploads\/2017\/07\/Album-principal.jpg","type":"image\/jpeg"}],"twitter_card":"summary_large_image","twitter_site":"@Doumica","twitter_misc":{"Est. reading time":"2 minutes"},"schema":{"@context":"https:\/\/schema.org","@graph":[{"@type":"WebPage","@id":"https:\/\/www.animations-doumica.com\/en\/showgirls-las-vegas\/","url":"https:\/\/www.animations-doumica.com\/en\/showgirls-las-vegas\/","name":"Spectacle th\u00e9matique Las Vegas- spectacle de danse Las v\u00e9gas","isPartOf":{"@id":"https:\/\/www.animations-doumica.com\/en\/#website"},"datePublished":"2017-10-10T05:08:10+00:00","dateModified":"2025-10-02T13:03:17+00:00","description":"Vous voulez leur en mettre plein la vue? Choisissez notre spectacle th\u00e9matique Las Vegas Danseuse \u00e0 plumes et costumes majestueux.","breadcrumb":{"@id":"https:\/\/www.animations-doumica.com\/en\/showgirls-las-vegas\/#breadcrumb"},"inLanguage":"en-US","potentialAction":[{"@type":"ReadAction","target":["https:\/\/www.animations-doumica.com\/en\/showgirls-las-vegas\/"]}]},{"@type":"BreadcrumbList","@id":"https:\/\/www.animations-doumica.com\/en\/showgirls-las-vegas\/#breadcrumb","itemListElement":[{"@type":"ListItem","position":1,"name":"Home","item":"https:\/\/www.animations-doumica.com\/en\/"},{"@type":"ListItem","position":2,"name":"Showgirls Las Vegas"}]},{"@type":"WebSite","@id":"https:\/\/www.animations-doumica.com\/en\/#website","url":"https:\/\/www.animations-doumica.com\/en\/","name":"Agence \u00e9v\u00e9nementielle Montr\u00e9al Qu\u00e9bec","description":"Organisation d\u2019\u00e9v\u00e9nement &amp; animation de soir\u00e9e","potentialAction":[{"@type":"SearchAction","target":{"@type":"EntryPoint","urlTemplate":"https:\/\/www.animations-doumica.com\/en\/?s={search_term_string}"},"query-input":{"@type":"PropertyValueSpecification","valueRequired":true,"valueName":"search_term_string"}}],"inLanguage":"en-US"}]}},"_links":{"self":[{"href":"https:\/\/www.animations-doumica.com\/en\/wp-json\/wp\/v2\/pages\/6253","targetHints":{"allow":["GET"]}}],"collection":[{"href":"https:\/\/www.animations-doumica.com\/en\/wp-json\/wp\/v2\/pages"}],"about":[{"href":"https:\/\/www.animations-doumica.com\/en\/wp-json\/wp\/v2\/types\/page"}],"author":[{"embeddable":true,"href":"https:\/\/www.animations-doumica.com\/en\/wp-json\/wp\/v2\/users\/1"}],"replies":[{"embeddable":true,"href":"https:\/\/www.animations-doumica.com\/en\/wp-json\/wp\/v2\/comments?post=6253"}],"version-history":[{"count":4,"href":"https:\/\/www.animations-doumica.com\/en\/wp-json\/wp\/v2\/pages\/6253\/revisions"}],"predecessor-version":[{"id":7311,"href":"https:\/\/www.animations-doumica.com\/en\/wp-json\/wp\/v2\/pages\/6253\/revisions\/7311"}],"wp:attachment":[{"href":"https:\/\/www.animations-doumica.com\/en\/wp-json\/wp\/v2\/media?parent=6253"}],"curies":[{"name":"wp","href":"https:\/\/api.w.org\/{rel}","templated":true}]}}