{"id":6252,"date":"2017-09-06T11:35:29","date_gmt":"2017-09-06T11:35:29","guid":{"rendered":"https:\/\/www.animations-doumica.com\/safari-africain\/"},"modified":"2025-08-19T13:44:33","modified_gmt":"2025-08-19T17:44:33","slug":"safari-africain","status":"publish","type":"page","link":"https:\/\/www.animations-doumica.com\/en\/safari-africain\/","title":{"rendered":"Safari africain"},"content":{"rendered":"<p><div class=\"fusion-fullwidth fullwidth-box fusion-builder-row-1 hundred-percent-fullwidth non-hundred-percent-height-scrolling fusion-no-small-visibility\" style=\"--awb-border-radius-top-left:0px;--awb-border-radius-top-right:0px;--awb-border-radius-bottom-right:0px;--awb-border-radius-bottom-left:0px;--awb-padding-top:0px;--awb-padding-right:0px;--awb-padding-bottom:0px;--awb-padding-left:0px;--awb-flex-wrap:wrap;\" ><div class=\"fusion-builder-row fusion-row\"><div class=\"fusion-layout-column fusion_builder_column fusion-builder-column-0 fusion_builder_column_1_1 1_1 fusion-one-full fusion-column-first fusion-column-last\" style=\"--awb-bg-blend:overlay;--awb-bg-size:cover;\"><div class=\"fusion-column-wrapper fusion-flex-column-wrapper-legacy\">\t\t\t\t\t<div class=\"fusion-slider-container fusion-slider-sc-safari-africain fusion-slider-51 full-width-slider\" style=\"height:640px; max-width:100%;\" data-id=\"51\" data-full_height=\"\">\n\t\t\t\t\t\t<style type=\"text\/css\">.fusion-slider-51 .flex-direction-nav a {width:63px;height:63px;line-height:63px;font-size:25px;}<\/style>\t\t\t\t\t\t<div class=\"fusion-slider-loading\">Loading...<\/div>\n\t\t\t\t\t\t<div class=\"tfs-slider flexslider main-flex full-width-slider\" data-slider_width=\"100%\" data-slider_height=\"640px\" data-full_screen=\"0\" data-parallax=\"0\" data-nav_arrows=\"1\" data-nav_box_width=\"63px\" data-nav_box_height=\"63px\" data-nav_arrow_size=\"25px\" data-pagination_circles=\"0\" data-autoplay=\"1\" data-loop=\"0\" data-animation=\"fade\" data-slideshow_speed=\"7000\" data-animation_speed=\"600\" data-typo_sensitivity=\"1\" data-typo_factor=\"1.5\" data-orderby=\"date\" data-order=\"DESC\" style=\"max-width:100%;\">\n\t\t\t\t\t\t\t<ul class=\"slides\">\n\t\t\t\t\t\t\t\t\t\t\t\t\t\t\t\t\t<li data-mute=\"yes\" data-loop=\"yes\" data-autoplay=\"yes\">\n\t\t\t\t\t\t\t\t\t\t<div class=\"slide-content-container slide-content-center\" style=\"display: none;\">\n\t\t\t\t\t\t\t\t\t\t\t<div class=\"slide-content\" style=\"\">\n\t\t\t\t\t\t\t\t\t\t\t\t\t\t\t\t\t\t\t\t\t\t\t\t\t\t\t\t\t\t\t\t\t\t\t\t\t\t\t\t\t\t\t\t\t\t\t\t\t<div class=\"buttons\" >\n\t\t\t\t\t\t\t\t\t\t\t\t\t\t\t\t\t\t\t\t\t\t\t\t\t\t\t\t\t\t\t\t\t\t\t\t\t\t\t\t\t<\/div>\n\t\t\t\t\t\t\t\t\t\t\t\t\t\t\t\t\t\t\t\t\t\t\t<\/div>\n\t\t\t\t\t\t\t\t\t\t<\/div>\n\t\t\t\t\t\t\t\t\t\t\t\t\t\t\t\t\t\t\t\t\t\t\t\t\t\t\t\t\t\t\t\t\t\t\t\t\t\t\t\t<div class=\"background background-image\" style=\"background-image: url(https:\/\/www.animations-doumica.com\/wp-content\/uploads\/2017\/07\/safari.jpg);max-width:100%;height:640px;filter: progid:DXImageTransform.Microsoft.AlphaImageLoader(src='https:\/\/www.animations-doumica.com\/wp-content\/uploads\/2017\/07\/safari.jpg', sizingMethod='scale');\" data-imgwidth=\"1228\">\n\t\t\t\t\t\t\t\t\t\t\t\t\t\t\t\t\t\t\t\t\t\t\t\t\t\t\t\t\t\t\t\t\t\t\t\t\t\t\t\t\t\t\t\t\t\t\t\t\t\t\t\t\t\t\t\t\t\t\t\t\t\t\t\t\t\t<\/div>\n\t\t\t\t\t\t\t\t\t<\/li>\n\t\t\t\t\t\t\t\t\t\t\t\t\t\t\t\t\t<li data-mute=\"yes\" data-loop=\"yes\" data-autoplay=\"yes\">\n\t\t\t\t\t\t\t\t\t\t<div class=\"slide-content-container slide-content-center\" style=\"display: none;\">\n\t\t\t\t\t\t\t\t\t\t\t<div class=\"slide-content\" style=\"\">\n\t\t\t\t\t\t\t\t\t\t\t\t\t\t\t\t\t\t\t\t\t\t\t\t\t<div class=\"heading with-bg\">\n\t\t\t\t\t\t\t\t\t\t\t\t\t\t<div class=\"fusion-title-sc-wrapper\" style=\"background-color: rgba(0,0,0, 0.4);\">\n\t\t\t\t\t\t\t\t\t\t\t\t\t\t\t<div class=\"fusion-title title fusion-title-1 fusion-sep-none fusion-title-center fusion-title-text fusion-title-size-four\" style=\"--awb-margin-top:0px;--awb-margin-bottom:0px;--awb-font-size:40px;\"><h4 class=\"fusion-title-heading title-heading-center fusion-responsive-typography-calculated\" style=\"margin:0;font-size:1em;--fontSize:40;line-height:1.2;\">Une ambiance exotique tout droit sortie de la jungle!<\/h4><\/div>\t\t\t\t\t\t\t\t\t\t\t\t\t\t<\/div>\n\t\t\t\t\t\t\t\t\t\t\t\t\t<\/div>\n\t\t\t\t\t\t\t\t\t\t\t\t\t\t\t\t\t\t\t\t\t\t\t\t\t\t\t\t\t\t\t\t\t\t\t\t\t\t\t\t\t\t\t\t\t\t\t\t\t<div class=\"buttons\" >\n\t\t\t\t\t\t\t\t\t\t\t\t\t\t\t\t\t\t\t\t\t\t\t\t\t\t\t\t\t\t\t\t\t\t\t\t\t\t\t\t\t<\/div>\n\t\t\t\t\t\t\t\t\t\t\t\t\t\t\t\t\t\t\t\t\t\t\t<\/div>\n\t\t\t\t\t\t\t\t\t\t<\/div>\n\t\t\t\t\t\t\t\t\t\t\t\t\t\t\t\t\t\t\t\t\t\t\t\t\t\t\t\t\t\t\t\t\t\t\t\t\t\t\t\t<div class=\"background background-image\" style=\"background-image: url(https:\/\/www.animations-doumica.com\/wp-content\/uploads\/2017\/07\/safari.jpg);max-width:100%;height:640px;filter: progid:DXImageTransform.Microsoft.AlphaImageLoader(src='https:\/\/www.animations-doumica.com\/wp-content\/uploads\/2017\/07\/safari.jpg', sizingMethod='scale');\" data-imgwidth=\"1228\">\n\t\t\t\t\t\t\t\t\t\t\t\t\t\t\t\t\t\t\t\t\t\t\t\t\t\t\t\t\t\t\t\t\t\t\t\t\t\t\t\t\t\t\t\t\t\t\t\t\t\t\t\t\t\t\t\t\t\t\t\t\t\t\t\t\t\t<\/div>\n\t\t\t\t\t\t\t\t\t<\/li>\n\t\t\t\t\t\t\t\t\t\t\t\t\t\t\t\t\t\t\t\t\t\t\t<\/ul>\n\t\t\t\t\t\t<\/div>\n\t\t\t\t\t<\/div>\n\t\t\t\t\t\t\t\t<div class=\"fusion-clearfix\"><\/div><\/div><\/div><\/div><\/div><div class=\"fusion-fullwidth fullwidth-box fusion-builder-row-2 fusion-parallax-none hundred-percent-fullwidth non-hundred-percent-height-scrolling fusion-no-medium-visibility fusion-no-large-visibility\" style=\"--awb-border-radius-top-left:0px;--awb-border-radius-top-right:0px;--awb-border-radius-bottom-right:0px;--awb-border-radius-bottom-left:0px;--awb-padding-top:25px;--awb-padding-right:25px;--awb-padding-bottom:25px;--awb-padding-left:25px;--awb-margin-top:0px;--awb-margin-bottom:0px;--awb-background-image:url(&quot;https:\/\/www.animations-doumica.com\/wp-content\/uploads\/2017\/07\/safari-1024x640.jpg&quot;);--awb-background-size:cover;--awb-flex-wrap:wrap;\" ><div class=\"fusion-builder-row fusion-row\"><div class=\"fusion-layout-column fusion_builder_column fusion-builder-column-1 fusion_builder_column_1_1 1_1 fusion-one-full fusion-column-first fusion-column-last\" style=\"--awb-padding-right:25px;--awb-padding-left:25px;--awb-bg-color:rgba(0,0,0,0.42);--awb-bg-color-hover:rgba(0,0,0,0.42);--awb-bg-size:cover;\"><div class=\"fusion-column-wrapper fusion-column-has-shadow fusion-flex-column-wrapper-legacy\"><div class=\"fusion-text fusion-text-1\"><h2 style=\"text-align: center;\"><span style=\"color: #ffffff;\">Une ambiance exotique tout droit sortie de la jungle!<\/span><\/h2>\n<\/div><div class=\"fusion-clearfix\"><\/div><\/div><\/div><\/div><\/div><div class=\"fusion-fullwidth fullwidth-box fusion-builder-row-3 nonhundred-percent-fullwidth non-hundred-percent-height-scrolling\" style=\"--awb-border-radius-top-left:0px;--awb-border-radius-top-right:0px;--awb-border-radius-bottom-right:0px;--awb-border-radius-bottom-left:0px;--awb-margin-top:25px;--awb-margin-bottom:25px;--awb-flex-wrap:wrap;\" ><div class=\"fusion-builder-row fusion-row\"><div class=\"fusion-layout-column fusion_builder_column fusion-builder-column-2 fusion_builder_column_1_1 1_1 fusion-one-full fusion-column-first fusion-column-last\" style=\"--awb-bg-blend:overlay;--awb-bg-size:cover;\"><div class=\"fusion-column-wrapper fusion-flex-column-wrapper-legacy\"><div class=\"fusion-text fusion-text-2\"><h2 style=\"text-align: center;\">SOIR\u00c9E TH\u00c9MATIQUE SAFARI AFRICAIN<\/h2>\n<\/div><div class=\"fusion-text fusion-text-3\"><p>Un ambiance exotique tout droit sortie de la jungle!!!<\/p>\n<p>\u00c0 votre arriv\u00e9e vous serez anim\u00e9 par nos z\u00e8bres g\u00e9ants, vous serez alors transport\u00e9 dans une excursion en Safari. Votre exp\u00e9rience ne s\u2019arr\u00eate pas l\u00e0, car nos danseurs tribaux vous feront vivre une exp\u00e9rience festive et sauvage. Pour clore le tout, vous vibrerez au son des tambours et notre DJ s\u2019occupera de garder la piste de danse en action pour le plus grand plaisir de vos convives.\u00a0<strong>Une ambiance exotique tout droit sorti de la jungle!!!<\/strong> pour avoir plus d\u2019information \u00e0 propos du spectacle.<\/p>\n<p><strong>Cette soir\u00e9e Th\u00e9matique comprend:<\/strong><\/p>\n<ul>\n<li>D\u00e9cor th\u00e9matique<\/li>\n<li>Animation lors du cocktail<\/li>\n<li>Spectacle de danse entre les services du repas<\/li>\n<li>Animateur de soir\u00e9e<\/li>\n<li>Musique par notre DJ<\/li>\n<li>Sonorisation et \u00e9clairage<\/li>\n<\/ul>\n<\/div><div class=\"fusion-image-element in-legacy-container\" style=\"--awb-caption-title-font-family:var(--h2_typography-font-family);--awb-caption-title-font-weight:var(--h2_typography-font-weight);--awb-caption-title-font-style:var(--h2_typography-font-style);--awb-caption-title-size:var(--h2_typography-font-size);--awb-caption-title-transform:var(--h2_typography-text-transform);--awb-caption-title-line-height:var(--h2_typography-line-height);--awb-caption-title-letter-spacing:var(--h2_typography-letter-spacing);\"><span class=\" fusion-imageframe imageframe-none imageframe-1 hover-type-none\"><img decoding=\"async\" width=\"300\" height=\"200\" alt=\"drummer in Montreal\" title=\"14732297 1099355016808215 2043664993249996005 n\" src=\"https:\/\/www.animations-doumica.com\/wp-content\/uploads\/2017\/09\/14732297_1099355016808215_2043664993249996005_n-300x200.jpg\" class=\"img-responsive wp-image-2460\" srcset=\"https:\/\/www.animations-doumica.com\/wp-content\/uploads\/2017\/09\/14732297_1099355016808215_2043664993249996005_n-200x133.jpg 200w, https:\/\/www.animations-doumica.com\/wp-content\/uploads\/2017\/09\/14732297_1099355016808215_2043664993249996005_n-400x266.jpg 400w, https:\/\/www.animations-doumica.com\/wp-content\/uploads\/2017\/09\/14732297_1099355016808215_2043664993249996005_n-600x399.jpg 600w, https:\/\/www.animations-doumica.com\/wp-content\/uploads\/2017\/09\/14732297_1099355016808215_2043664993249996005_n-800x533.jpg 800w, https:\/\/www.animations-doumica.com\/wp-content\/uploads\/2017\/09\/14732297_1099355016808215_2043664993249996005_n.jpg 960w\" sizes=\"(max-width: 800px) 100vw, 300px\" \/><\/span><\/div><div class=\"fusion-clearfix\"><\/div><\/div><\/div><\/div><\/div><div class=\"fusion-fullwidth fullwidth-box fusion-builder-row-4 nonhundred-percent-fullwidth non-hundred-percent-height-scrolling\" style=\"--awb-border-radius-top-left:0px;--awb-border-radius-top-right:0px;--awb-border-radius-bottom-right:0px;--awb-border-radius-bottom-left:0px;--awb-flex-wrap:wrap;\" ><div class=\"fusion-builder-row fusion-row\"><div class=\"fusion-layout-column fusion_builder_column fusion-builder-column-3 fusion_builder_column_1_1 1_1 fusion-one-full fusion-column-first fusion-column-last\" style=\"--awb-bg-size:cover;\"><div class=\"fusion-column-wrapper fusion-column-has-shadow fusion-flex-column-wrapper-legacy\"><div class=\"fusion-text fusion-text-4\"><h3>R\u00e9servation soir\u00e9e th\u00e9matique Safari Africain<\/h3>\n<\/div><div class=\"fusion-text fusion-text-5\"><p>Afin de vous faire parvenir une soumission pour cette soir\u00e9e th\u00e9matique veuillez nous faire parvenir les informations suivantes: La date de l&#8217;\u00e9v\u00e9nement, le lieu, le nombre d&#8217;invit\u00e9s ainsi que votre budget.<\/p>\n<\/div><div class=\"fusion-clearfix\"><\/div><\/div><\/div><\/div><\/div><div class=\"fusion-fullwidth fullwidth-box fusion-builder-row-5 nonhundred-percent-fullwidth non-hundred-percent-height-scrolling\" style=\"--awb-border-radius-top-left:0px;--awb-border-radius-top-right:0px;--awb-border-radius-bottom-right:0px;--awb-border-radius-bottom-left:0px;--awb-margin-top:25px;--awb-flex-wrap:wrap;\" ><div class=\"fusion-builder-row fusion-row\"><div class=\"fusion-layout-column fusion_builder_column fusion-builder-column-4 fusion_builder_column_1_1 1_1 fusion-one-full fusion-column-first fusion-column-last\" style=\"--awb-bg-blend:overlay;--awb-bg-size:cover;\"><div class=\"fusion-column-wrapper fusion-flex-column-wrapper-legacy\"><div class=\"fusion-aligncenter\"><a class=\"fusion-button button-flat fusion-button-default-size button-default fusion-button-default button-1 fusion-button-default-span fusion-button-default-type\" target=\"_self\" href=\"https:\/\/www.animations-doumica.com\/contact\/\"><span class=\"fusion-button-text awb-button__text awb-button__text--default\">OBTENIR UNE SOUMISSION<\/span><\/a><\/div><div class=\"fusion-clearfix\"><\/div><\/div><\/div><\/div><\/div><\/p>\n","protected":false},"excerpt":{"rendered":"","protected":false},"author":1,"featured_media":0,"parent":0,"menu_order":0,"comment_status":"closed","ping_status":"closed","template":"100-width.php","meta":{"footnotes":""},"class_list":["post-6252","page","type-page","status-publish","hentry"],"yoast_head":"<!-- This site is optimized with the Yoast SEO Premium plugin v26.0 (Yoast SEO v26.0) - https:\/\/yoast.com\/wordpress\/plugins\/seo\/ -->\n<title>Soir\u00e9e th\u00e9matique Safari Africain- Soir\u00e9e \u00e0 th\u00e8me Safari Africain<\/title>\n<meta name=\"description\" content=\"la soir\u00e9e th\u00e9matique Safari Africain vous fera vivre une exp\u00e9rience festive et sauvage. Pour clore le tout, vous vibrerez au son des tambours et notre DJ\" \/>\n<meta name=\"robots\" content=\"index, follow, max-snippet:-1, max-image-preview:large, max-video-preview:-1\" \/>\n<link rel=\"canonical\" href=\"https:\/\/www.animations-doumica.com\/en\/safari-africain\/\" \/>\n<meta property=\"og:locale\" content=\"en_US\" \/>\n<meta property=\"og:type\" content=\"article\" \/>\n<meta property=\"og:title\" content=\"Safari africain\" \/>\n<meta property=\"og:description\" content=\"la soir\u00e9e th\u00e9matique Safari Africain vous fera vivre une exp\u00e9rience festive et sauvage. Pour clore le tout, vous vibrerez au son des tambours et notre DJ\" \/>\n<meta property=\"og:url\" content=\"https:\/\/www.animations-doumica.com\/en\/safari-africain\/\" \/>\n<meta property=\"og:site_name\" content=\"Agence \u00e9v\u00e9nementielle Montr\u00e9al Qu\u00e9bec\" \/>\n<meta property=\"article:publisher\" content=\"https:\/\/www.facebook.com\/animations.doumica\/\" \/>\n<meta property=\"article:modified_time\" content=\"2025-08-19T17:44:33+00:00\" \/>\n<meta property=\"og:image\" content=\"https:\/\/www.animations-doumica.com\/wp-content\/uploads\/2017\/07\/Album-principal.jpg\" \/>\n\t<meta property=\"og:image:width\" content=\"940\" \/>\n\t<meta property=\"og:image:height\" content=\"400\" \/>\n\t<meta property=\"og:image:type\" content=\"image\/jpeg\" \/>\n<meta name=\"twitter:card\" content=\"summary_large_image\" \/>\n<meta name=\"twitter:site\" content=\"@Doumica\" \/>\n<meta name=\"twitter:label1\" content=\"Est. reading time\" \/>\n\t<meta name=\"twitter:data1\" content=\"2 minutes\" \/>\n<script type=\"application\/ld+json\" class=\"yoast-schema-graph\">{\"@context\":\"https:\/\/schema.org\",\"@graph\":[{\"@type\":\"WebPage\",\"@id\":\"https:\/\/www.animations-doumica.com\/en\/safari-africain\/\",\"url\":\"https:\/\/www.animations-doumica.com\/en\/safari-africain\/\",\"name\":\"Soir\u00e9e th\u00e9matique Safari Africain- Soir\u00e9e \u00e0 th\u00e8me Safari Africain\",\"isPartOf\":{\"@id\":\"https:\/\/www.animations-doumica.com\/en\/#website\"},\"datePublished\":\"2017-09-06T11:35:29+00:00\",\"dateModified\":\"2025-08-19T17:44:33+00:00\",\"description\":\"la soir\u00e9e th\u00e9matique Safari Africain vous fera vivre une exp\u00e9rience festive et sauvage. Pour clore le tout, vous vibrerez au son des tambours et notre DJ\",\"breadcrumb\":{\"@id\":\"https:\/\/www.animations-doumica.com\/en\/safari-africain\/#breadcrumb\"},\"inLanguage\":\"en-US\",\"potentialAction\":[{\"@type\":\"ReadAction\",\"target\":[\"https:\/\/www.animations-doumica.com\/en\/safari-africain\/\"]}]},{\"@type\":\"BreadcrumbList\",\"@id\":\"https:\/\/www.animations-doumica.com\/en\/safari-africain\/#breadcrumb\",\"itemListElement\":[{\"@type\":\"ListItem\",\"position\":1,\"name\":\"Home\",\"item\":\"https:\/\/www.animations-doumica.com\/en\/\"},{\"@type\":\"ListItem\",\"position\":2,\"name\":\"Safari africain\"}]},{\"@type\":\"WebSite\",\"@id\":\"https:\/\/www.animations-doumica.com\/en\/#website\",\"url\":\"https:\/\/www.animations-doumica.com\/en\/\",\"name\":\"Agence \u00e9v\u00e9nementielle Montr\u00e9al Qu\u00e9bec\",\"description\":\"Organisation d\u2019\u00e9v\u00e9nement &amp; animation de soir\u00e9e\",\"potentialAction\":[{\"@type\":\"SearchAction\",\"target\":{\"@type\":\"EntryPoint\",\"urlTemplate\":\"https:\/\/www.animations-doumica.com\/en\/?s={search_term_string}\"},\"query-input\":{\"@type\":\"PropertyValueSpecification\",\"valueRequired\":true,\"valueName\":\"search_term_string\"}}],\"inLanguage\":\"en-US\"}]}<\/script>\n<!-- \/ Yoast SEO Premium plugin. -->","yoast_head_json":{"title":"Soir\u00e9e th\u00e9matique Safari Africain- Soir\u00e9e \u00e0 th\u00e8me Safari Africain","description":"la soir\u00e9e th\u00e9matique Safari Africain vous fera vivre une exp\u00e9rience festive et sauvage. Pour clore le tout, vous vibrerez au son des tambours et notre DJ","robots":{"index":"index","follow":"follow","max-snippet":"max-snippet:-1","max-image-preview":"max-image-preview:large","max-video-preview":"max-video-preview:-1"},"canonical":"https:\/\/www.animations-doumica.com\/en\/safari-africain\/","og_locale":"en_US","og_type":"article","og_title":"Safari africain","og_description":"la soir\u00e9e th\u00e9matique Safari Africain vous fera vivre une exp\u00e9rience festive et sauvage. Pour clore le tout, vous vibrerez au son des tambours et notre DJ","og_url":"https:\/\/www.animations-doumica.com\/en\/safari-africain\/","og_site_name":"Agence \u00e9v\u00e9nementielle Montr\u00e9al Qu\u00e9bec","article_publisher":"https:\/\/www.facebook.com\/animations.doumica\/","article_modified_time":"2025-08-19T17:44:33+00:00","og_image":[{"width":940,"height":400,"url":"https:\/\/www.animations-doumica.com\/wp-content\/uploads\/2017\/07\/Album-principal.jpg","type":"image\/jpeg"}],"twitter_card":"summary_large_image","twitter_site":"@Doumica","twitter_misc":{"Est. reading time":"2 minutes"},"schema":{"@context":"https:\/\/schema.org","@graph":[{"@type":"WebPage","@id":"https:\/\/www.animations-doumica.com\/en\/safari-africain\/","url":"https:\/\/www.animations-doumica.com\/en\/safari-africain\/","name":"Soir\u00e9e th\u00e9matique Safari Africain- Soir\u00e9e \u00e0 th\u00e8me Safari Africain","isPartOf":{"@id":"https:\/\/www.animations-doumica.com\/en\/#website"},"datePublished":"2017-09-06T11:35:29+00:00","dateModified":"2025-08-19T17:44:33+00:00","description":"la soir\u00e9e th\u00e9matique Safari Africain vous fera vivre une exp\u00e9rience festive et sauvage. Pour clore le tout, vous vibrerez au son des tambours et notre DJ","breadcrumb":{"@id":"https:\/\/www.animations-doumica.com\/en\/safari-africain\/#breadcrumb"},"inLanguage":"en-US","potentialAction":[{"@type":"ReadAction","target":["https:\/\/www.animations-doumica.com\/en\/safari-africain\/"]}]},{"@type":"BreadcrumbList","@id":"https:\/\/www.animations-doumica.com\/en\/safari-africain\/#breadcrumb","itemListElement":[{"@type":"ListItem","position":1,"name":"Home","item":"https:\/\/www.animations-doumica.com\/en\/"},{"@type":"ListItem","position":2,"name":"Safari africain"}]},{"@type":"WebSite","@id":"https:\/\/www.animations-doumica.com\/en\/#website","url":"https:\/\/www.animations-doumica.com\/en\/","name":"Agence \u00e9v\u00e9nementielle Montr\u00e9al Qu\u00e9bec","description":"Organisation d\u2019\u00e9v\u00e9nement &amp; animation de soir\u00e9e","potentialAction":[{"@type":"SearchAction","target":{"@type":"EntryPoint","urlTemplate":"https:\/\/www.animations-doumica.com\/en\/?s={search_term_string}"},"query-input":{"@type":"PropertyValueSpecification","valueRequired":true,"valueName":"search_term_string"}}],"inLanguage":"en-US"}]}},"_links":{"self":[{"href":"https:\/\/www.animations-doumica.com\/en\/wp-json\/wp\/v2\/pages\/6252","targetHints":{"allow":["GET"]}}],"collection":[{"href":"https:\/\/www.animations-doumica.com\/en\/wp-json\/wp\/v2\/pages"}],"about":[{"href":"https:\/\/www.animations-doumica.com\/en\/wp-json\/wp\/v2\/types\/page"}],"author":[{"embeddable":true,"href":"https:\/\/www.animations-doumica.com\/en\/wp-json\/wp\/v2\/users\/1"}],"replies":[{"embeddable":true,"href":"https:\/\/www.animations-doumica.com\/en\/wp-json\/wp\/v2\/comments?post=6252"}],"version-history":[{"count":3,"href":"https:\/\/www.animations-doumica.com\/en\/wp-json\/wp\/v2\/pages\/6252\/revisions"}],"predecessor-version":[{"id":7189,"href":"https:\/\/www.animations-doumica.com\/en\/wp-json\/wp\/v2\/pages\/6252\/revisions\/7189"}],"wp:attachment":[{"href":"https:\/\/www.animations-doumica.com\/en\/wp-json\/wp\/v2\/media?parent=6252"}],"curies":[{"name":"wp","href":"https:\/\/api.w.org\/{rel}","templated":true}]}}