{"id":6250,"date":"2017-09-06T11:31:28","date_gmt":"2017-09-06T11:31:28","guid":{"rendered":"https:\/\/www.animations-doumica.com\/percussion\/"},"modified":"2025-10-02T09:15:54","modified_gmt":"2025-10-02T13:15:54","slug":"percussion","status":"publish","type":"page","link":"https:\/\/www.animations-doumica.com\/en\/percussion\/","title":{"rendered":"Percussion"},"content":{"rendered":"<p><div class=\"fusion-fullwidth fullwidth-box fusion-builder-row-1 hundred-percent-fullwidth non-hundred-percent-height-scrolling\" style=\"--awb-border-radius-top-left:0px;--awb-border-radius-top-right:0px;--awb-border-radius-bottom-right:0px;--awb-border-radius-bottom-left:0px;--awb-padding-top:0px;--awb-padding-right:0px;--awb-padding-bottom:0px;--awb-padding-left:0px;--awb-flex-wrap:wrap;\" ><div class=\"fusion-builder-row fusion-row\"><div class=\"fusion-layout-column fusion_builder_column fusion-builder-column-0 fusion_builder_column_1_1 1_1 fusion-one-full fusion-column-first fusion-column-last\" style=\"--awb-bg-size:cover;\"><div class=\"fusion-column-wrapper fusion-flex-column-wrapper-legacy\">\t\t\t\t\t<div class=\"fusion-slider-container fusion-slider-sc-percussion fusion-slider-1972 full-width-slider\" style=\"height:768px; max-width:100%;\" data-id=\"1972\" data-full_height=\"\">\n\t\t\t\t\t\t<style type=\"text\/css\">.fusion-slider-1972 .flex-direction-nav a {width:63px;height:63px;line-height:63px;font-size:25px;}<\/style>\t\t\t\t\t\t<div class=\"fusion-slider-loading\">Loading...<\/div>\n\t\t\t\t\t\t<div class=\"tfs-slider flexslider main-flex full-width-slider\" data-slider_width=\"100%\" data-slider_height=\"768px\" data-full_screen=\"0\" data-parallax=\"0\" data-nav_arrows=\"1\" data-nav_arrow_size=\"25px\" data-nav_box_width=\"63px\" data-nav_box_height=\"63px\" data-slideshow_speed=\"7000\" data-loop=\"1\" data-autoplay=\"1\" data-orderby=\"date\" data-order=\"DESC\" data-animation=\"fade\" data-animation_speed=\"600\" data-typo_sensitivity=\"0.1\" data-typo_factor=\"1.5\" style=\"max-width:100%;\">\n\t\t\t\t\t\t\t<ul class=\"slides\">\n\t\t\t\t\t\t\t\t\t\t\t\t\t\t\t\t\t<li data-mute=\"yes\" data-loop=\"yes\" data-autoplay=\"yes\">\n\t\t\t\t\t\t\t\t\t\t<div class=\"slide-content-container slide-content-center\" style=\"display: none;\">\n\t\t\t\t\t\t\t\t\t\t\t<div class=\"slide-content\" style=\"\">\n\t\t\t\t\t\t\t\t\t\t\t\t\t\t\t\t\t\t\t\t\t\t\t\t\t\t\t\t\t\t\t\t\t\t\t\t\t\t\t\t\t\t\t\t\t\t\t\t\t<div class=\"buttons\" >\n\t\t\t\t\t\t\t\t\t\t\t\t\t\t\t\t\t\t\t\t\t\t\t\t\t\t\t\t\t\t\t\t\t\t\t\t\t\t\t\t\t<\/div>\n\t\t\t\t\t\t\t\t\t\t\t\t\t\t\t\t\t\t\t\t\t\t\t<\/div>\n\t\t\t\t\t\t\t\t\t\t<\/div>\n\t\t\t\t\t\t\t\t\t\t\t\t\t\t\t\t\t\t\t\t\t\t\t\t\t\t\t\t\t\t\t\t\t\t\t\t\t\t\t\t\t<div class=\"overlay\" style=\"background-color:rgba(0,0,0,0.5)\"><\/div>\n\t\t\t\t\t\t\t\t\t\t\t\t\t\t\t\t\t\t\t\t<div class=\"background \" style=\"max-width:100%;height:768px;filter: progid:DXImageTransform.Microsoft.AlphaImageLoader(src='', sizingMethod='scale');\" data-imgwidth=\"\">\n\t\t\t\t\t\t\t\t\t\t\t\t\t\t\t\t\t\t\t\t\t\t\t\t\t\t\t\t\t\t\t\t\t\t\t\t\t\t\t\t\t\t\t\t\t\t\t\t\t\t\t\t\t\t\t\t\t<div style=\"position: absolute; top: 0; left: 0; z-index: -99; width: 100%; height: 100%\" data-youtube-video-id=\"MVwsIj887YQ\" data-video-aspect-ratio=\"16:9\">\n\t\t\t\t\t\t\t\t\t\t\t\t\t<div id=\"video-MVwsIj887YQ-inner\">\n\t\t\t\t\t\t\t\t\t\t\t\t\t\t<iframe height=\"100%\" width=\"100%\" src=\"https:\/\/www.youtube.com\/embed\/MVwsIj887YQ?wmode=transparent&amp;modestbranding=1&amp;showinfo=0&amp;autohide=1&amp;enablejsapi=1&amp;rel=0&amp;vq=hd720&amp;&amp;autoplay=1&amp;muted=1&amp;loop=1&amp;playlist=MVwsIj887YQ&amp;controls=0\" data-fusion-no-placeholder><\/iframe>\n\t\t\t\t\t\t\t\t\t\t\t\t\t<\/div>\n\t\t\t\t\t\t\t\t\t\t\t\t<\/div>\n\t\t\t\t\t\t\t\t\t\t\t\t\t\t\t\t\t\t\t\t\t\t\t\t\t\t\t\t\t\t\t\t<\/div>\n\t\t\t\t\t\t\t\t\t<\/li>\n\t\t\t\t\t\t\t\t\t\t\t\t\t\t\t\t\t\t\t\t\t\t\t<\/ul>\n\t\t\t\t\t\t<\/div>\n\t\t\t\t\t<\/div>\n\t\t\t\t\t\t\t\t<div class=\"fusion-clearfix\"><\/div><\/div><\/div><\/div><\/div><div class=\"fusion-fullwidth fullwidth-box fusion-builder-row-2 nonhundred-percent-fullwidth non-hundred-percent-height-scrolling\" style=\"--awb-border-radius-top-left:0px;--awb-border-radius-top-right:0px;--awb-border-radius-bottom-right:0px;--awb-border-radius-bottom-left:0px;--awb-flex-wrap:wrap;\" ><div class=\"fusion-builder-row fusion-row\"><div class=\"fusion-layout-column fusion_builder_column fusion-builder-column-1 fusion_builder_column_1_1 1_1 fusion-one-full fusion-column-first fusion-column-last\" style=\"--awb-bg-size:cover;\"><div class=\"fusion-column-wrapper fusion-flex-column-wrapper-legacy\"><div class=\"fusion-text fusion-text-1\"><h2 style=\"text-align: center;\">Spectacle de percussion \u00e0 Montr\u00e9al<\/h2>\n<\/div><div class=\"fusion-text fusion-text-2\"><p>Afin d&#8217;\u00e9gayer vos \u00e9v\u00e9nement nous vous offrons notre service de percussion \u00e0 Montr\u00e9al pour \u00e9v\u00e9nement. De ce fait, vous aurez un effet explosif lors de votre soir\u00e9e afin de maintenir le plancher de danse ou d&#8217;offrir une surprise \u00e0 vos invit\u00e9s.<\/p>\n<h3>Trio de percussion :<\/h3>\n<p>Dynamique, \u00e9clat\u00e9, trendy!!!<span id=\"more-2014\"><\/span><\/p>\n<p>Ce trio de percussion f\u00e9minin va vous en mettre plein la vue et les oreilles avec sa musique tribale et <em>urbaine.<\/em><\/p>\n<p>Offrant un r\u00e9pertoire compl\u00e8tement original et moderne, il utilisera plus d\u2019une dizaine d\u2019instruments pour ce spectacle et vous fera red\u00e9couvrir les percussions de l\u2019Afrique, du Br\u00e9sil et de Cuba.<\/p>\n<p><strong>Un spectacle en or!<\/strong><\/p>\n<ul>\n<li>Spectacle sur sc\u00e8ne de 30 minutes<\/li>\n<\/ul>\n<ul>\n<li>Superficie de la sc\u00e8ne requise\u00a0: 10\u00a0\u00b4 15\u00a0pieds<\/li>\n<\/ul>\n<ul>\n<li>Pr\u00e9voir des micros pour les grandes salles.<\/li>\n<\/ul>\n<p><strong>Id\u00e9al pour l\u2019animation au cocktail, l\u2019entr\u00e9e en salle des invit\u00e9s ou pour d\u00e9marrer le plancher de danse.<\/strong><\/p>\n<p>Divertissement pour \u00e9v\u00e9nement priv\u00e9, corporatif ou public.<\/p>\n<p>Id\u00e9al pour petite ou grande sc\u00e8ne.<\/p>\n<h3>Spectacle de percussion \u00e0 Montr\u00e9al: Animation<\/h3>\n<p>Djembe, percussion br\u00e9silienne, Darbouka , Tout y est faites nous la demandes en pr\u00e9cisant bien ce que vous d\u00e9sirez!<\/p>\n<\/div><div class=\"fusion-image-element fusion-image-align-center in-legacy-container\" style=\"text-align:center;--awb-caption-title-font-family:var(--h2_typography-font-family);--awb-caption-title-font-weight:var(--h2_typography-font-weight);--awb-caption-title-font-style:var(--h2_typography-font-style);--awb-caption-title-size:var(--h2_typography-font-size);--awb-caption-title-transform:var(--h2_typography-text-transform);--awb-caption-title-line-height:var(--h2_typography-line-height);--awb-caption-title-letter-spacing:var(--h2_typography-letter-spacing);\"><div class=\"imageframe-align-center\"><span class=\" fusion-imageframe imageframe-none imageframe-1 hover-type-none\"><img decoding=\"async\" width=\"300\" height=\"200\" alt=\"drummer in Montreal\" title=\"14732297 1099355016808215 2043664993249996005 n\" src=\"https:\/\/www.animations-doumica.com\/wp-content\/uploads\/2017\/09\/14732297_1099355016808215_2043664993249996005_n-300x200.jpg\" class=\"img-responsive wp-image-2460\" srcset=\"https:\/\/www.animations-doumica.com\/wp-content\/uploads\/2017\/09\/14732297_1099355016808215_2043664993249996005_n-200x133.jpg 200w, https:\/\/www.animations-doumica.com\/wp-content\/uploads\/2017\/09\/14732297_1099355016808215_2043664993249996005_n-400x266.jpg 400w, https:\/\/www.animations-doumica.com\/wp-content\/uploads\/2017\/09\/14732297_1099355016808215_2043664993249996005_n-600x399.jpg 600w, https:\/\/www.animations-doumica.com\/wp-content\/uploads\/2017\/09\/14732297_1099355016808215_2043664993249996005_n-800x533.jpg 800w, https:\/\/www.animations-doumica.com\/wp-content\/uploads\/2017\/09\/14732297_1099355016808215_2043664993249996005_n.jpg 960w\" sizes=\"(max-width: 800px) 100vw, 300px\" \/><\/span><\/div><\/div><div class=\"fusion-text fusion-text-3\"><h4 style=\"text-align: center;\">Djembe<\/h4>\n<\/div><div class=\"fusion-clearfix\"><\/div><\/div><\/div><\/div><\/div><div class=\"fusion-fullwidth fullwidth-box fusion-builder-row-3 nonhundred-percent-fullwidth non-hundred-percent-height-scrolling\" style=\"--awb-border-radius-top-left:0px;--awb-border-radius-top-right:0px;--awb-border-radius-bottom-right:0px;--awb-border-radius-bottom-left:0px;--awb-flex-wrap:wrap;\" ><div class=\"fusion-builder-row fusion-row\"><div class=\"fusion-layout-column fusion_builder_column fusion-builder-column-2 fusion_builder_column_1_1 1_1 fusion-one-full fusion-column-first fusion-column-last\" style=\"--awb-bg-size:cover;\"><div class=\"fusion-column-wrapper fusion-flex-column-wrapper-legacy\"><div class=\"fusion-image-element fusion-image-align-center in-legacy-container\" style=\"text-align:center;--awb-caption-title-font-family:var(--h2_typography-font-family);--awb-caption-title-font-weight:var(--h2_typography-font-weight);--awb-caption-title-font-style:var(--h2_typography-font-style);--awb-caption-title-size:var(--h2_typography-font-size);--awb-caption-title-transform:var(--h2_typography-text-transform);--awb-caption-title-line-height:var(--h2_typography-line-height);--awb-caption-title-letter-spacing:var(--h2_typography-letter-spacing);\"><div class=\"imageframe-align-center\"><span class=\" fusion-imageframe imageframe-none imageframe-2 hover-type-none\"><img decoding=\"async\" width=\"424\" height=\"720\" title=\"drummer Montreal\" src=\"https:\/\/www.animations-doumica.com\/wp-content\/uploads\/2019\/10\/Percu-djembe-3.jpg\" alt class=\"img-responsive wp-image-2319\" srcset=\"https:\/\/www.animations-doumica.com\/wp-content\/uploads\/2019\/10\/Percu-djembe-3-200x340.jpg 200w, https:\/\/www.animations-doumica.com\/wp-content\/uploads\/2019\/10\/Percu-djembe-3-400x679.jpg 400w, https:\/\/www.animations-doumica.com\/wp-content\/uploads\/2019\/10\/Percu-djembe-3.jpg 424w\" sizes=\"(max-width: 800px) 100vw, 424px\" \/><\/span><\/div><\/div><div class=\"fusion-clearfix\"><\/div><\/div><\/div><\/div><\/div><div class=\"fusion-fullwidth fullwidth-box fusion-builder-row-4 nonhundred-percent-fullwidth non-hundred-percent-height-scrolling\" style=\"--awb-border-radius-top-left:0px;--awb-border-radius-top-right:0px;--awb-border-radius-bottom-right:0px;--awb-border-radius-bottom-left:0px;--awb-flex-wrap:wrap;\" ><div class=\"fusion-builder-row fusion-row\"><div class=\"fusion-layout-column fusion_builder_column fusion-builder-column-3 fusion_builder_column_1_1 1_1 fusion-one-full fusion-column-first fusion-column-last\" style=\"--awb-bg-size:cover;\"><div class=\"fusion-column-wrapper fusion-flex-column-wrapper-legacy\"><div class=\"fusion-text fusion-text-4\"><h3 style=\"text-align: center;\">Percussion Br\u00e9silienne<\/h3>\n<\/div><div class=\"fusion-clearfix\"><\/div><\/div><\/div><\/div><\/div><div class=\"fusion-fullwidth fullwidth-box fusion-builder-row-5 nonhundred-percent-fullwidth non-hundred-percent-height-scrolling\" style=\"--awb-border-radius-top-left:0px;--awb-border-radius-top-right:0px;--awb-border-radius-bottom-right:0px;--awb-border-radius-bottom-left:0px;--awb-flex-wrap:wrap;\" ><div class=\"fusion-builder-row fusion-row\"><div class=\"fusion-layout-column fusion_builder_column fusion-builder-column-4 fusion_builder_column_1_1 1_1 fusion-one-full fusion-column-first fusion-column-last\" style=\"--awb-bg-size:cover;\"><div class=\"fusion-column-wrapper fusion-flex-column-wrapper-legacy\"><div class=\"fusion-image-element fusion-image-align-center in-legacy-container\" style=\"text-align:center;--awb-caption-title-font-family:var(--h2_typography-font-family);--awb-caption-title-font-weight:var(--h2_typography-font-weight);--awb-caption-title-font-style:var(--h2_typography-font-style);--awb-caption-title-size:var(--h2_typography-font-size);--awb-caption-title-transform:var(--h2_typography-text-transform);--awb-caption-title-line-height:var(--h2_typography-line-height);--awb-caption-title-letter-spacing:var(--h2_typography-letter-spacing);\"><div class=\"imageframe-align-center\"><span class=\" fusion-imageframe imageframe-none imageframe-3 hover-type-none\"><img decoding=\"async\" width=\"480\" height=\"320\" alt=\"percussion br\u00e9silienne Montr\u00e9al\" title=\"percussion br\u00e9silienne Montr\u00e9al\" src=\"https:\/\/www.animations-doumica.com\/wp-content\/uploads\/2019\/10\/percussion-br\u00e9silienne-Montr\u00e9al.jpg\" class=\"img-responsive wp-image-2321\" srcset=\"https:\/\/www.animations-doumica.com\/wp-content\/uploads\/2019\/10\/percussion-br\u00e9silienne-Montr\u00e9al-200x133.jpg 200w, https:\/\/www.animations-doumica.com\/wp-content\/uploads\/2019\/10\/percussion-br\u00e9silienne-Montr\u00e9al-400x267.jpg 400w, https:\/\/www.animations-doumica.com\/wp-content\/uploads\/2019\/10\/percussion-br\u00e9silienne-Montr\u00e9al.jpg 480w\" sizes=\"(max-width: 800px) 100vw, 480px\" \/><\/span><\/div><\/div><div class=\"fusion-clearfix\"><\/div><\/div><\/div><\/div><\/div><div class=\"fusion-fullwidth fullwidth-box fusion-builder-row-6 nonhundred-percent-fullwidth non-hundred-percent-height-scrolling\" style=\"--awb-border-radius-top-left:0px;--awb-border-radius-top-right:0px;--awb-border-radius-bottom-right:0px;--awb-border-radius-bottom-left:0px;--awb-flex-wrap:wrap;\" ><div class=\"fusion-builder-row fusion-row\"><div class=\"fusion-layout-column fusion_builder_column fusion-builder-column-5 fusion_builder_column_1_1 1_1 fusion-one-full fusion-column-first fusion-column-last\" style=\"--awb-bg-size:cover;\"><div class=\"fusion-column-wrapper fusion-column-has-shadow fusion-flex-column-wrapper-legacy\"><div class=\"fusion-text fusion-text-5\"><h5>R\u00e9servation<\/h5>\n<p>Pour effectuer une r\u00e9servation, merci de nous indiquer le type de spectacle de percussion que vous d\u00e9sirez. Le lieu de l&#8217;\u00e9v\u00e9nement, la date ainsi que le nombre d&#8217;invit\u00e9s. Nous sommes un service de percussion \u00e0 Montr\u00e9al mais nous nous d\u00e9pla\u00e7ons partout au Qu\u00e9bec.<\/p>\n<\/div><div class=\"fusion-clearfix\"><\/div><\/div><\/div><\/div><\/div><div class=\"fusion-fullwidth fullwidth-box fusion-builder-row-7 nonhundred-percent-fullwidth non-hundred-percent-height-scrolling\" style=\"--awb-border-radius-top-left:0px;--awb-border-radius-top-right:0px;--awb-border-radius-bottom-right:0px;--awb-border-radius-bottom-left:0px;--awb-margin-top:25px;--awb-flex-wrap:wrap;\" ><div class=\"fusion-builder-row fusion-row\"><div class=\"fusion-layout-column fusion_builder_column fusion-builder-column-6 fusion_builder_column_1_1 1_1 fusion-one-full fusion-column-first fusion-column-last\" style=\"--awb-bg-size:cover;\"><div class=\"fusion-column-wrapper fusion-flex-column-wrapper-legacy\"><div class=\"fusion-aligncenter\"><a class=\"fusion-button button-flat fusion-button-default-size button-default fusion-button-default button-1 fusion-button-default-span fusion-button-default-type\" target=\"_self\" href=\"https:\/\/www.animations-doumica.com\/contact\/\"><span class=\"fusion-button-text awb-button__text awb-button__text--default\">OBTENIR UNE SOUMISSION<\/span><\/a><\/div><div class=\"fusion-clearfix\"><\/div><\/div><\/div><\/div><\/div><\/p>\n","protected":false},"excerpt":{"rendered":"","protected":false},"author":1,"featured_media":0,"parent":0,"menu_order":0,"comment_status":"closed","ping_status":"closed","template":"100-width.php","meta":{"footnotes":""},"class_list":["post-6250","page","type-page","status-publish","hentry"],"yoast_head":"<!-- This site is optimized with the Yoast SEO Premium plugin v26.0 (Yoast SEO v26.0) - https:\/\/yoast.com\/wordpress\/plugins\/seo\/ -->\n<title>Percussion \u00e0 Montr\u00e9al pour \u00e9v\u00e9nement- Montr\u00e9al- Animations Doumica<\/title>\n<meta name=\"description\" content=\"Percussion \u00e0 Montr\u00e9al, Laval, Rive- Nord, Rive- Sud pour \u00e9v\u00e9nement. Animation percussion: DJembe percussion br\u00e9silienne, darbuka et plus!\" \/>\n<meta name=\"robots\" content=\"index, follow, max-snippet:-1, max-image-preview:large, max-video-preview:-1\" \/>\n<link rel=\"canonical\" href=\"https:\/\/www.animations-doumica.com\/en\/percussion\/\" \/>\n<meta property=\"og:locale\" content=\"en_US\" \/>\n<meta property=\"og:type\" content=\"article\" \/>\n<meta property=\"og:title\" content=\"Percussion pour \u00e9v\u00e9nement\" \/>\n<meta property=\"og:description\" content=\"Ajouter un effet wow losr de votre soir\u00e9e! 100% fun!\" \/>\n<meta property=\"og:url\" content=\"https:\/\/www.animations-doumica.com\/en\/percussion\/\" \/>\n<meta property=\"og:site_name\" content=\"Agence \u00e9v\u00e9nementielle Montr\u00e9al Qu\u00e9bec\" \/>\n<meta property=\"article:publisher\" content=\"https:\/\/www.facebook.com\/animations.doumica\/\" \/>\n<meta property=\"article:modified_time\" content=\"2025-10-02T13:15:54+00:00\" \/>\n<meta property=\"og:image\" content=\"https:\/\/www.animations-doumica.com\/wp-content\/uploads\/2019\/10\/percussion-br\u00e9silienne-Montr\u00e9al.jpg\" \/>\n\t<meta property=\"og:image:width\" content=\"480\" \/>\n\t<meta property=\"og:image:height\" content=\"320\" \/>\n\t<meta property=\"og:image:type\" content=\"image\/jpeg\" \/>\n<meta name=\"twitter:card\" content=\"summary_large_image\" \/>\n<meta name=\"twitter:title\" content=\"Percussion\" \/>\n<meta name=\"twitter:site\" content=\"@Doumica\" \/>\n<meta name=\"twitter:label1\" content=\"Est. reading time\" \/>\n\t<meta name=\"twitter:data1\" content=\"8 minutes\" \/>\n<script type=\"application\/ld+json\" class=\"yoast-schema-graph\">{\"@context\":\"https:\/\/schema.org\",\"@graph\":[{\"@type\":\"WebPage\",\"@id\":\"https:\/\/www.animations-doumica.com\/en\/percussion\/\",\"url\":\"https:\/\/www.animations-doumica.com\/en\/percussion\/\",\"name\":\"Percussion \u00e0 Montr\u00e9al pour \u00e9v\u00e9nement- Montr\u00e9al- Animations Doumica\",\"isPartOf\":{\"@id\":\"https:\/\/www.animations-doumica.com\/en\/#website\"},\"datePublished\":\"2017-09-06T11:31:28+00:00\",\"dateModified\":\"2025-10-02T13:15:54+00:00\",\"description\":\"Percussion \u00e0 Montr\u00e9al, Laval, Rive- Nord, Rive- Sud pour \u00e9v\u00e9nement. Animation percussion: DJembe percussion br\u00e9silienne, darbuka et plus!\",\"breadcrumb\":{\"@id\":\"https:\/\/www.animations-doumica.com\/en\/percussion\/#breadcrumb\"},\"inLanguage\":\"en-US\",\"potentialAction\":[{\"@type\":\"ReadAction\",\"target\":[\"https:\/\/www.animations-doumica.com\/en\/percussion\/\"]}]},{\"@type\":\"BreadcrumbList\",\"@id\":\"https:\/\/www.animations-doumica.com\/en\/percussion\/#breadcrumb\",\"itemListElement\":[{\"@type\":\"ListItem\",\"position\":1,\"name\":\"Home\",\"item\":\"https:\/\/www.animations-doumica.com\/en\/\"},{\"@type\":\"ListItem\",\"position\":2,\"name\":\"Percussion\"}]},{\"@type\":\"WebSite\",\"@id\":\"https:\/\/www.animations-doumica.com\/en\/#website\",\"url\":\"https:\/\/www.animations-doumica.com\/en\/\",\"name\":\"Agence \u00e9v\u00e9nementielle Montr\u00e9al Qu\u00e9bec\",\"description\":\"Organisation d\u2019\u00e9v\u00e9nement &amp; animation de soir\u00e9e\",\"potentialAction\":[{\"@type\":\"SearchAction\",\"target\":{\"@type\":\"EntryPoint\",\"urlTemplate\":\"https:\/\/www.animations-doumica.com\/en\/?s={search_term_string}\"},\"query-input\":{\"@type\":\"PropertyValueSpecification\",\"valueRequired\":true,\"valueName\":\"search_term_string\"}}],\"inLanguage\":\"en-US\"}]}<\/script>\n<!-- \/ Yoast SEO Premium plugin. -->","yoast_head_json":{"title":"Percussion \u00e0 Montr\u00e9al pour \u00e9v\u00e9nement- Montr\u00e9al- Animations Doumica","description":"Percussion \u00e0 Montr\u00e9al, Laval, Rive- Nord, Rive- Sud pour \u00e9v\u00e9nement. Animation percussion: DJembe percussion br\u00e9silienne, darbuka et plus!","robots":{"index":"index","follow":"follow","max-snippet":"max-snippet:-1","max-image-preview":"max-image-preview:large","max-video-preview":"max-video-preview:-1"},"canonical":"https:\/\/www.animations-doumica.com\/en\/percussion\/","og_locale":"en_US","og_type":"article","og_title":"Percussion pour \u00e9v\u00e9nement","og_description":"Ajouter un effet wow losr de votre soir\u00e9e! 100% fun!","og_url":"https:\/\/www.animations-doumica.com\/en\/percussion\/","og_site_name":"Agence \u00e9v\u00e9nementielle Montr\u00e9al Qu\u00e9bec","article_publisher":"https:\/\/www.facebook.com\/animations.doumica\/","article_modified_time":"2025-10-02T13:15:54+00:00","og_image":[{"width":480,"height":320,"url":"https:\/\/www.animations-doumica.com\/wp-content\/uploads\/2019\/10\/percussion-br\u00e9silienne-Montr\u00e9al.jpg","type":"image\/jpeg"}],"twitter_card":"summary_large_image","twitter_title":"Percussion","twitter_site":"@Doumica","twitter_misc":{"Est. reading time":"8 minutes"},"schema":{"@context":"https:\/\/schema.org","@graph":[{"@type":"WebPage","@id":"https:\/\/www.animations-doumica.com\/en\/percussion\/","url":"https:\/\/www.animations-doumica.com\/en\/percussion\/","name":"Percussion \u00e0 Montr\u00e9al pour \u00e9v\u00e9nement- Montr\u00e9al- Animations Doumica","isPartOf":{"@id":"https:\/\/www.animations-doumica.com\/en\/#website"},"datePublished":"2017-09-06T11:31:28+00:00","dateModified":"2025-10-02T13:15:54+00:00","description":"Percussion \u00e0 Montr\u00e9al, Laval, Rive- Nord, Rive- Sud pour \u00e9v\u00e9nement. Animation percussion: DJembe percussion br\u00e9silienne, darbuka et plus!","breadcrumb":{"@id":"https:\/\/www.animations-doumica.com\/en\/percussion\/#breadcrumb"},"inLanguage":"en-US","potentialAction":[{"@type":"ReadAction","target":["https:\/\/www.animations-doumica.com\/en\/percussion\/"]}]},{"@type":"BreadcrumbList","@id":"https:\/\/www.animations-doumica.com\/en\/percussion\/#breadcrumb","itemListElement":[{"@type":"ListItem","position":1,"name":"Home","item":"https:\/\/www.animations-doumica.com\/en\/"},{"@type":"ListItem","position":2,"name":"Percussion"}]},{"@type":"WebSite","@id":"https:\/\/www.animations-doumica.com\/en\/#website","url":"https:\/\/www.animations-doumica.com\/en\/","name":"Agence \u00e9v\u00e9nementielle Montr\u00e9al Qu\u00e9bec","description":"Organisation d\u2019\u00e9v\u00e9nement &amp; animation de soir\u00e9e","potentialAction":[{"@type":"SearchAction","target":{"@type":"EntryPoint","urlTemplate":"https:\/\/www.animations-doumica.com\/en\/?s={search_term_string}"},"query-input":{"@type":"PropertyValueSpecification","valueRequired":true,"valueName":"search_term_string"}}],"inLanguage":"en-US"}]}},"_links":{"self":[{"href":"https:\/\/www.animations-doumica.com\/en\/wp-json\/wp\/v2\/pages\/6250","targetHints":{"allow":["GET"]}}],"collection":[{"href":"https:\/\/www.animations-doumica.com\/en\/wp-json\/wp\/v2\/pages"}],"about":[{"href":"https:\/\/www.animations-doumica.com\/en\/wp-json\/wp\/v2\/types\/page"}],"author":[{"embeddable":true,"href":"https:\/\/www.animations-doumica.com\/en\/wp-json\/wp\/v2\/users\/1"}],"replies":[{"embeddable":true,"href":"https:\/\/www.animations-doumica.com\/en\/wp-json\/wp\/v2\/comments?post=6250"}],"version-history":[{"count":1,"href":"https:\/\/www.animations-doumica.com\/en\/wp-json\/wp\/v2\/pages\/6250\/revisions"}],"predecessor-version":[{"id":7318,"href":"https:\/\/www.animations-doumica.com\/en\/wp-json\/wp\/v2\/pages\/6250\/revisions\/7318"}],"wp:attachment":[{"href":"https:\/\/www.animations-doumica.com\/en\/wp-json\/wp\/v2\/media?parent=6250"}],"curies":[{"name":"wp","href":"https:\/\/api.w.org\/{rel}","templated":true}]}}