{"id":6231,"date":"2017-09-06T11:36:14","date_gmt":"2017-09-06T11:36:14","guid":{"rendered":"https:\/\/www.animations-doumica.com\/danseur-disco\/"},"modified":"2025-10-02T08:43:13","modified_gmt":"2025-10-02T12:43:13","slug":"danseur-disco","status":"publish","type":"page","link":"https:\/\/www.animations-doumica.com\/en\/danseur-disco\/","title":{"rendered":"Danseur disco"},"content":{"rendered":"<p><div class=\"fusion-fullwidth fullwidth-box fusion-builder-row-1 hundred-percent-fullwidth non-hundred-percent-height-scrolling\" style=\"--awb-border-radius-top-left:0px;--awb-border-radius-top-right:0px;--awb-border-radius-bottom-right:0px;--awb-border-radius-bottom-left:0px;--awb-padding-top:0px;--awb-padding-right:0px;--awb-padding-bottom:0px;--awb-padding-left:0px;--awb-margin-top:0px;--awb-margin-bottom:0px;--awb-flex-wrap:wrap;\" ><div class=\"fusion-builder-row fusion-row\"><div class=\"fusion-layout-column fusion_builder_column fusion-builder-column-0 fusion_builder_column_1_1 1_1 fusion-one-full fusion-column-first fusion-column-last\" style=\"--awb-bg-size:cover;\"><div class=\"fusion-column-wrapper fusion-flex-column-wrapper-legacy\">\t\t\t\t\t<div class=\"fusion-slider-container fusion-slider-sc-disco-inferno fusion-slider-26 full-width-slider\" style=\"height:640px; max-width:100%;\" data-id=\"26\" data-full_height=\"\">\n\t\t\t\t\t\t<style type=\"text\/css\">.fusion-slider-26 .flex-direction-nav a {width:63px;height:63px;line-height:63px;font-size:25px;}<\/style>\t\t\t\t\t\t<div class=\"fusion-slider-loading\">Loading...<\/div>\n\t\t\t\t\t\t<div class=\"tfs-slider flexslider main-flex full-width-slider\" data-slider_width=\"100%\" data-slider_height=\"640px\" data-full_screen=\"0\" data-parallax=\"0\" data-nav_arrows=\"1\" data-nav_box_width=\"63px\" data-nav_box_height=\"63px\" data-nav_arrow_size=\"25px\" data-pagination_circles=\"0\" data-autoplay=\"1\" data-loop=\"0\" data-animation=\"fade\" data-slideshow_speed=\"7000\" data-animation_speed=\"600\" data-typo_sensitivity=\"1\" data-typo_factor=\"1.5\" data-orderby=\"date\" data-order=\"DESC\" style=\"max-width:100%;\">\n\t\t\t\t\t\t\t<ul class=\"slides\">\n\t\t\t\t\t\t\t\t\t\t\t\t\t\t\t\t\t<li data-mute=\"yes\" data-loop=\"yes\" data-autoplay=\"yes\">\n\t\t\t\t\t\t\t\t\t\t<div class=\"slide-content-container slide-content-center\" style=\"display: none;\">\n\t\t\t\t\t\t\t\t\t\t\t<div class=\"slide-content\" style=\"\">\n\t\t\t\t\t\t\t\t\t\t\t\t\t\t\t\t\t\t\t\t\t\t\t\t\t<div class=\"heading with-bg\">\n\t\t\t\t\t\t\t\t\t\t\t\t\t\t<div class=\"fusion-title-sc-wrapper\" style=\"background-color: rgba(0,0,0, 0.4);\">\n\t\t\t\t\t\t\t\t\t\t\t\t\t\t\t<div class=\"fusion-title title fusion-title-1 fusion-sep-none fusion-title-center fusion-title-text fusion-title-size-four\" style=\"--awb-margin-top:0px;--awb-margin-bottom:0px;--awb-font-size:40px;\"><h4 class=\"fusion-title-heading title-heading-center fusion-responsive-typography-calculated\" style=\"margin:0;font-size:1em;--fontSize:40;line-height:1.2;\">Vous vous sentirez comme au studio 54<\/h4><\/div>\t\t\t\t\t\t\t\t\t\t\t\t\t\t<\/div>\n\t\t\t\t\t\t\t\t\t\t\t\t\t<\/div>\n\t\t\t\t\t\t\t\t\t\t\t\t\t\t\t\t\t\t\t\t\t\t\t\t\t\t\t\t\t\t\t\t\t\t\t\t\t\t\t\t\t\t\t\t\t\t\t\t\t<div class=\"buttons\" >\n\t\t\t\t\t\t\t\t\t\t\t\t\t\t\t\t\t\t\t\t\t\t\t\t\t\t\t\t\t\t\t\t\t\t\t\t\t\t\t\t\t<\/div>\n\t\t\t\t\t\t\t\t\t\t\t\t\t\t\t\t\t\t\t\t\t\t\t<\/div>\n\t\t\t\t\t\t\t\t\t\t<\/div>\n\t\t\t\t\t\t\t\t\t\t\t\t\t\t\t\t\t\t\t\t\t\t\t\t\t\t\t\t\t\t\t\t\t\t\t\t\t\t\t\t<div class=\"background background-image\" style=\"background-image: url(https:\/\/www.animations-doumica.com\/wp-content\/uploads\/2017\/09\/Spectacle-Disco-362056417188531.jpg);max-width:100%;height:640px;filter: progid:DXImageTransform.Microsoft.AlphaImageLoader(src='https:\/\/www.animations-doumica.com\/wp-content\/uploads\/2017\/09\/Spectacle-Disco-362056417188531.jpg', sizingMethod='scale');\" data-imgwidth=\"1291\">\n\t\t\t\t\t\t\t\t\t\t\t\t\t\t\t\t\t\t\t\t\t\t\t\t\t\t\t\t\t\t\t\t\t\t\t\t\t\t\t\t\t\t\t\t\t\t\t\t\t\t\t\t\t\t\t\t\t\t\t\t\t\t\t\t\t\t<\/div>\n\t\t\t\t\t\t\t\t\t<\/li>\n\t\t\t\t\t\t\t\t\t\t\t\t\t\t\t\t\t<li data-mute=\"yes\" data-loop=\"yes\" data-autoplay=\"yes\">\n\t\t\t\t\t\t\t\t\t\t<div class=\"slide-content-container slide-content-center\" style=\"display: none;\">\n\t\t\t\t\t\t\t\t\t\t\t<div class=\"slide-content\" style=\"\">\n\t\t\t\t\t\t\t\t\t\t\t\t\t\t\t\t\t\t\t\t\t\t\t\t\t<div class=\"heading with-bg\">\n\t\t\t\t\t\t\t\t\t\t\t\t\t\t<div class=\"fusion-title-sc-wrapper\" style=\"background-color: rgba(0,0,0, 0.4);\">\n\t\t\t\t\t\t\t\t\t\t\t\t\t\t\t<div class=\"fusion-title title fusion-title-2 fusion-sep-none fusion-title-center fusion-title-text fusion-title-size-four\" style=\"--awb-margin-top:0px;--awb-margin-bottom:0px;--awb-font-size:40px;\"><h4 class=\"fusion-title-heading title-heading-center fusion-responsive-typography-calculated\" style=\"margin:0;font-size:1em;--fontSize:40;line-height:1.2;\">Une ambiance \u00e9lectrisante!<\/h4><\/div>\t\t\t\t\t\t\t\t\t\t\t\t\t\t<\/div>\n\t\t\t\t\t\t\t\t\t\t\t\t\t<\/div>\n\t\t\t\t\t\t\t\t\t\t\t\t\t\t\t\t\t\t\t\t\t\t\t\t\t\t\t\t\t\t\t\t\t\t\t\t\t\t\t\t\t\t\t\t\t\t\t\t\t<div class=\"buttons\" >\n\t\t\t\t\t\t\t\t\t\t\t\t\t\t\t\t\t\t\t\t\t\t\t\t\t\t\t\t\t\t\t\t\t\t\t\t\t\t\t\t\t<\/div>\n\t\t\t\t\t\t\t\t\t\t\t\t\t\t\t\t\t\t\t\t\t\t\t<\/div>\n\t\t\t\t\t\t\t\t\t\t<\/div>\n\t\t\t\t\t\t\t\t\t\t\t\t\t\t\t\t\t\t\t\t\t\t\t\t\t\t\t\t\t\t\t\t\t\t\t\t\t\t\t\t<div class=\"background background-image\" style=\"background-image: url(https:\/\/www.animations-doumica.com\/wp-content\/uploads\/2017\/09\/Disco-new-web-site.jpg);max-width:100%;height:640px;filter: progid:DXImageTransform.Microsoft.AlphaImageLoader(src='https:\/\/www.animations-doumica.com\/wp-content\/uploads\/2017\/09\/Disco-new-web-site.jpg', sizingMethod='scale');\" data-imgwidth=\"1004\">\n\t\t\t\t\t\t\t\t\t\t\t\t\t\t\t\t\t\t\t\t\t\t\t\t\t\t\t\t\t\t\t\t\t\t\t\t\t\t\t\t\t\t\t\t\t\t\t\t\t\t\t\t\t\t\t\t\t\t\t\t\t\t\t\t\t\t<\/div>\n\t\t\t\t\t\t\t\t\t<\/li>\n\t\t\t\t\t\t\t\t\t\t\t\t\t\t\t\t\t<li data-mute=\"yes\" data-loop=\"yes\" data-autoplay=\"yes\">\n\t\t\t\t\t\t\t\t\t\t<div class=\"slide-content-container slide-content-center\" style=\"display: none;\">\n\t\t\t\t\t\t\t\t\t\t\t<div class=\"slide-content\" style=\"\">\n\t\t\t\t\t\t\t\t\t\t\t\t\t\t\t\t\t\t\t\t\t\t\t\t\t\t\t\t\t\t\t\t\t\t\t\t\t\t\t\t\t\t\t\t\t\t\t\t\t<div class=\"buttons\" >\n\t\t\t\t\t\t\t\t\t\t\t\t\t\t\t\t\t\t\t\t\t\t\t\t\t\t\t\t\t<div class=\"tfs-button-1\"><div class=\"fusion-button-wrapper\"><a class=\"fusion-button button-flat fusion-button-default-size button-default fusion-button-default button-1 fusion-button-default-span fusion-button-default-type\" target=\"_self\"><span class=\"fusion-button-text awb-button__text awb-button__text--default\">Contactez-nous! <\/span><\/a><\/div><\/div>\n\t\t\t\t\t\t\t\t\t\t\t\t\t\t\t\t\t\t\t\t\t\t\t\t\t\t\t\t\t\t\t\t\t\t\t\t\t\t\t\t\t<\/div>\n\t\t\t\t\t\t\t\t\t\t\t\t\t\t\t\t\t\t\t\t\t\t\t<\/div>\n\t\t\t\t\t\t\t\t\t\t<\/div>\n\t\t\t\t\t\t\t\t\t\t\t\t\t\t\t\t\t\t\t\t\t\t\t\t\t\t\t\t\t\t\t\t\t\t\t\t\t\t\t\t<div class=\"background background-image\" style=\"background-image: url(https:\/\/www.animations-doumica.com\/wp-content\/uploads\/2017\/09\/Disco-2-New-web-site.jpg);max-width:100%;height:640px;filter: progid:DXImageTransform.Microsoft.AlphaImageLoader(src='https:\/\/www.animations-doumica.com\/wp-content\/uploads\/2017\/09\/Disco-2-New-web-site.jpg', sizingMethod='scale');\" data-imgwidth=\"1043\">\n\t\t\t\t\t\t\t\t\t\t\t\t\t\t\t\t\t\t\t\t\t\t\t\t\t\t\t\t\t\t\t\t\t\t\t\t\t\t\t\t\t\t\t\t\t\t\t\t\t\t\t\t\t\t\t\t\t\t\t\t\t\t\t\t\t\t<\/div>\n\t\t\t\t\t\t\t\t\t<\/li>\n\t\t\t\t\t\t\t\t\t\t\t\t\t\t\t\t\t\t\t\t\t\t\t<\/ul>\n\t\t\t\t\t\t<\/div>\n\t\t\t\t\t<\/div>\n\t\t\t\t\t\t\t\t<div class=\"fusion-clearfix\"><\/div><\/div><\/div><\/div><\/div><div class=\"fusion-fullwidth fullwidth-box fusion-builder-row-2 nonhundred-percent-fullwidth non-hundred-percent-height-scrolling\" style=\"--awb-border-radius-top-left:0px;--awb-border-radius-top-right:0px;--awb-border-radius-bottom-right:0px;--awb-border-radius-bottom-left:0px;--awb-flex-wrap:wrap;\" ><div class=\"fusion-builder-row fusion-row\"><div class=\"fusion-layout-column fusion_builder_column fusion-builder-column-1 fusion_builder_column_1_1 1_1 fusion-one-full fusion-column-first fusion-column-last\" style=\"--awb-bg-size:cover;\"><div class=\"fusion-column-wrapper fusion-flex-column-wrapper-legacy\"><div class=\"fusion-text fusion-text-1\"><h2 style=\"text-align: center;\">Spectacle de danse\u00a0 Disco<\/h2>\n<p>Revivez votre jeunesse et l\u2019ambiance r\u00e9tro des ann\u00e9es 70-80 avec le spectacle th\u00e9matique\u00a0 Disco Inferno et nos danseurs disco!<\/p>\n<p>Nos danseurs disco mettront une ambiance \u00e9lectrisante lors de votre \u00e9v\u00e9nement et vous montreront des pas de danse afin de mettre le feu aux plancher de danse.<\/p>\n<p>Chor\u00e9graphe sur des musiques comme Daddy Cool et Disco Inferno!<\/p>\n<p>Spectacle et animation avec les invit\u00e9s le plancher de danse sera en feu!<\/p>\n<p>Forfait 1\u00a0: Spectacle et animation avec les invit\u00e9s pour une dur\u00e9e de 30 minutes.<\/p>\n<p>Ou<\/p>\n<p>Forfait 2\u00a0: deux prestations durant la soir\u00e9e\u00a0:<\/p>\n<p>1<sup>er<\/sup> passage : Danseuse Disco sur la sc\u00e8ne ou des petites sc\u00e8nes lumineuses pour cr\u00e9\u00e9 une ambiance \u00e9lectrisante!<\/p>\n<p>2<sup>e<\/sup>\u00a0passage\u00a0: Spectacle Disco Inferno et interactivit\u00e9s avec les invit\u00e9s.<\/p>\n<p>Vous pouvez avoir plus d&#8217;information sur la<a href=\"https:\/\/www.animations-doumica.com\/en\/la-fievre-du-disco\/\"> soir\u00e9e th\u00e9matique Disco <\/a>en cliquant sur le lien surlign\u00e9<\/p>\n<\/div><div class=\"fusion-image-element fusion-image-align-center in-legacy-container\" style=\"text-align:center;--awb-caption-title-font-family:var(--h2_typography-font-family);--awb-caption-title-font-weight:var(--h2_typography-font-weight);--awb-caption-title-font-style:var(--h2_typography-font-style);--awb-caption-title-size:var(--h2_typography-font-size);--awb-caption-title-transform:var(--h2_typography-text-transform);--awb-caption-title-line-height:var(--h2_typography-line-height);--awb-caption-title-letter-spacing:var(--h2_typography-letter-spacing);\"><div class=\"imageframe-align-center\"><span class=\" fusion-imageframe imageframe-none imageframe-1 hover-type-none\"><img decoding=\"async\" width=\"200\" height=\"300\" alt=\"Soir\u00e9e \u00e0 th\u00e8me Disco\" title=\"Disco medium\" src=\"https:\/\/www.animations-doumica.com\/wp-content\/uploads\/2017\/09\/Disco-medium-200x300.jpg\" class=\"img-responsive wp-image-2453\" srcset=\"https:\/\/www.animations-doumica.com\/wp-content\/uploads\/2017\/09\/Disco-medium-200x300.jpg 200w, https:\/\/www.animations-doumica.com\/wp-content\/uploads\/2017\/09\/Disco-medium-400x600.jpg 400w, https:\/\/www.animations-doumica.com\/wp-content\/uploads\/2017\/09\/Disco-medium.jpg 512w\" sizes=\"(max-width: 800px) 100vw, 200px\" \/><\/span><\/div><\/div><div class=\"fusion-text fusion-text-2\"><h3 style=\"text-align: center;\">Danseurs Disco<\/h3>\n<\/div><div class=\"fusion-clearfix\"><\/div><\/div><\/div><\/div><\/div><div class=\"fusion-fullwidth fullwidth-box fusion-builder-row-3 nonhundred-percent-fullwidth non-hundred-percent-height-scrolling\" style=\"--awb-border-radius-top-left:0px;--awb-border-radius-top-right:0px;--awb-border-radius-bottom-right:0px;--awb-border-radius-bottom-left:0px;--awb-flex-wrap:wrap;\" ><div class=\"fusion-builder-row fusion-row\"><div class=\"fusion-layout-column fusion_builder_column fusion-builder-column-2 fusion_builder_column_1_1 1_1 fusion-one-full fusion-column-first fusion-column-last\" style=\"--awb-bg-size:cover;\"><div class=\"fusion-column-wrapper fusion-column-has-shadow fusion-flex-column-wrapper-legacy\"><div class=\"fusion-text fusion-text-3\"><p>Une <a href=\"https:\/\/www.animations-doumica.com\/en\/la-fievre-du-disco\/\">soir\u00e9e th\u00e9matique Disco<\/a> ne serait sans doute pas la m\u00eame sans un <a href=\"https:\/\/www.animations-doumica.com\/en\/dj-animateur-de-soiree\/dj-party-de-bureau\/\">DJ animateur<\/a> exp\u00e9riment\u00e9, une boule disco ainsi que des afros. Tout le monde se rappelle de la nostalgie des ann\u00e9es 1980 o\u00f9 les danseur discos prenaient d&#8217;assaut Montr\u00e9al avec leur style haut en couleur. Si vous organisez un mariage nos danseurs disco pour mariage peuvent mettre de l&#8217;ambiance sur le plancher de danse avec une animation disco pour soir\u00e9e. Contactez-nous pour obtenir une soumission d\u00e9taill\u00e9 pour une animation de soir\u00e9e disco. Merci de nous indiquer la date, lieu et le nombre de personnes pr\u00e9sente.<\/p>\n<\/div><div class=\"fusion-clearfix\"><\/div><\/div><\/div><\/div><\/div><div class=\"fusion-fullwidth fullwidth-box fusion-builder-row-4 nonhundred-percent-fullwidth non-hundred-percent-height-scrolling\" style=\"--awb-border-radius-top-left:0px;--awb-border-radius-top-right:0px;--awb-border-radius-bottom-right:0px;--awb-border-radius-bottom-left:0px;--awb-flex-wrap:wrap;\" ><div class=\"fusion-builder-row fusion-row\"><div class=\"fusion-layout-column fusion_builder_column fusion-builder-column-3 fusion_builder_column_1_1 1_1 fusion-one-full fusion-column-first fusion-column-last\" style=\"--awb-bg-size:cover;\"><div class=\"fusion-column-wrapper fusion-column-has-shadow fusion-flex-column-wrapper-legacy\"><div class=\"fusion-text fusion-text-4\"><h3 style=\"text-align: center;\">Danseur Disco pour \u00e9v\u00e9nement.<\/h3>\n<p style=\"text-align: center;\">Nos danseurs Disco sont de v\u00e9ritables cr\u00e9ateur d&#8217;ambiance, ils montreront des de danses \u00e0 vos invit\u00e9s et les entra\u00eeneront \u00e0 la danse.\u00a0 Le plancher de danse sera bonder. Une animation participative et festive comme au studio 54!<\/p>\n<\/div><div class=\"fusion-clearfix\"><\/div><\/div><\/div><\/div><\/div><div class=\"fusion-fullwidth fullwidth-box fusion-builder-row-5 nonhundred-percent-fullwidth non-hundred-percent-height-scrolling\" style=\"--awb-border-radius-top-left:0px;--awb-border-radius-top-right:0px;--awb-border-radius-bottom-right:0px;--awb-border-radius-bottom-left:0px;--awb-margin-top:25px;--awb-flex-wrap:wrap;\" ><div class=\"fusion-builder-row fusion-row\"><div class=\"fusion-layout-column fusion_builder_column fusion-builder-column-4 fusion_builder_column_1_1 1_1 fusion-one-full fusion-column-first fusion-column-last\" style=\"--awb-bg-size:cover;\"><div class=\"fusion-column-wrapper fusion-flex-column-wrapper-legacy\"><div class=\"fusion-aligncenter\"><a class=\"fusion-button button-flat fusion-button-default-size button-default fusion-button-default button-2 fusion-button-default-span fusion-button-default-type\" target=\"_self\" href=\"https:\/\/www.animations-doumica.com\/contact\/\"><span class=\"fusion-button-text awb-button__text awb-button__text--default\">OBTENIR UNE SOUMISSION<\/span><\/a><\/div><div class=\"fusion-clearfix\"><\/div><\/div><\/div><\/div><\/div><\/p>\n","protected":false},"excerpt":{"rendered":"","protected":false},"author":1,"featured_media":0,"parent":0,"menu_order":0,"comment_status":"closed","ping_status":"closed","template":"100-width.php","meta":{"footnotes":""},"class_list":["post-6231","page","type-page","status-publish","hentry"],"yoast_head":"<!-- This site is optimized with the Yoast SEO Premium plugin v26.0 (Yoast SEO v26.0) - https:\/\/yoast.com\/wordpress\/plugins\/seo\/ -->\n<title>Danseurs Disco &amp; animation\/ spectacle de danse disco pour \u00e9v\u00e9nement<\/title>\n<meta name=\"description\" content=\"Danseurs disco professionnels pour une soir\u00e9e \u00e9lectrisante! Revivez l\u2019ambiance r\u00e9tro des ann\u00e9es 70,80 avec notre spectacle Disco pour \u00e9v\u00e9nement.\" \/>\n<meta name=\"robots\" content=\"index, follow, max-snippet:-1, max-image-preview:large, max-video-preview:-1\" \/>\n<link rel=\"canonical\" href=\"https:\/\/www.animations-doumica.com\/en\/danseur-disco\/\" \/>\n<meta property=\"og:locale\" content=\"en_US\" \/>\n<meta property=\"og:type\" content=\"article\" \/>\n<meta property=\"og:title\" content=\"Danseur disco\" \/>\n<meta property=\"og:description\" content=\"Danseurs disco professionnels pour une soir\u00e9e \u00e9lectrisante! Revivez l\u2019ambiance r\u00e9tro des ann\u00e9es 70,80 avec notre spectacle Disco pour \u00e9v\u00e9nement.\" \/>\n<meta property=\"og:url\" content=\"https:\/\/www.animations-doumica.com\/en\/danseur-disco\/\" \/>\n<meta property=\"og:site_name\" content=\"Agence \u00e9v\u00e9nementielle Montr\u00e9al Qu\u00e9bec\" \/>\n<meta property=\"article:publisher\" content=\"https:\/\/www.facebook.com\/animations.doumica\/\" \/>\n<meta property=\"article:modified_time\" content=\"2025-10-02T12:43:13+00:00\" \/>\n<meta property=\"og:image\" content=\"https:\/\/www.animations-doumica.com\/wp-content\/uploads\/2017\/07\/Album-principal.jpg\" \/>\n\t<meta property=\"og:image:width\" content=\"940\" \/>\n\t<meta property=\"og:image:height\" content=\"400\" \/>\n\t<meta property=\"og:image:type\" content=\"image\/jpeg\" \/>\n<meta name=\"twitter:card\" content=\"summary_large_image\" \/>\n<meta name=\"twitter:site\" content=\"@Doumica\" \/>\n<meta name=\"twitter:label1\" content=\"Est. reading time\" \/>\n\t<meta name=\"twitter:data1\" content=\"7 minutes\" \/>\n<script type=\"application\/ld+json\" class=\"yoast-schema-graph\">{\"@context\":\"https:\/\/schema.org\",\"@graph\":[{\"@type\":\"WebPage\",\"@id\":\"https:\/\/www.animations-doumica.com\/en\/danseur-disco\/\",\"url\":\"https:\/\/www.animations-doumica.com\/en\/danseur-disco\/\",\"name\":\"Danseurs Disco & animation\/ spectacle de danse disco pour \u00e9v\u00e9nement\",\"isPartOf\":{\"@id\":\"https:\/\/www.animations-doumica.com\/en\/#website\"},\"datePublished\":\"2017-09-06T11:36:14+00:00\",\"dateModified\":\"2025-10-02T12:43:13+00:00\",\"description\":\"Danseurs disco professionnels pour une soir\u00e9e \u00e9lectrisante! Revivez l\u2019ambiance r\u00e9tro des ann\u00e9es 70,80 avec notre spectacle Disco pour \u00e9v\u00e9nement.\",\"breadcrumb\":{\"@id\":\"https:\/\/www.animations-doumica.com\/en\/danseur-disco\/#breadcrumb\"},\"inLanguage\":\"en-US\",\"potentialAction\":[{\"@type\":\"ReadAction\",\"target\":[\"https:\/\/www.animations-doumica.com\/en\/danseur-disco\/\"]}]},{\"@type\":\"BreadcrumbList\",\"@id\":\"https:\/\/www.animations-doumica.com\/en\/danseur-disco\/#breadcrumb\",\"itemListElement\":[{\"@type\":\"ListItem\",\"position\":1,\"name\":\"Home\",\"item\":\"https:\/\/www.animations-doumica.com\/en\/\"},{\"@type\":\"ListItem\",\"position\":2,\"name\":\"Danseur disco\"}]},{\"@type\":\"WebSite\",\"@id\":\"https:\/\/www.animations-doumica.com\/en\/#website\",\"url\":\"https:\/\/www.animations-doumica.com\/en\/\",\"name\":\"Agence \u00e9v\u00e9nementielle Montr\u00e9al Qu\u00e9bec\",\"description\":\"Organisation d\u2019\u00e9v\u00e9nement &amp; animation de soir\u00e9e\",\"potentialAction\":[{\"@type\":\"SearchAction\",\"target\":{\"@type\":\"EntryPoint\",\"urlTemplate\":\"https:\/\/www.animations-doumica.com\/en\/?s={search_term_string}\"},\"query-input\":{\"@type\":\"PropertyValueSpecification\",\"valueRequired\":true,\"valueName\":\"search_term_string\"}}],\"inLanguage\":\"en-US\"}]}<\/script>\n<!-- \/ Yoast SEO Premium plugin. -->","yoast_head_json":{"title":"Danseurs Disco & animation\/ spectacle de danse disco pour \u00e9v\u00e9nement","description":"Danseurs disco professionnels pour une soir\u00e9e \u00e9lectrisante! Revivez l\u2019ambiance r\u00e9tro des ann\u00e9es 70,80 avec notre spectacle Disco pour \u00e9v\u00e9nement.","robots":{"index":"index","follow":"follow","max-snippet":"max-snippet:-1","max-image-preview":"max-image-preview:large","max-video-preview":"max-video-preview:-1"},"canonical":"https:\/\/www.animations-doumica.com\/en\/danseur-disco\/","og_locale":"en_US","og_type":"article","og_title":"Danseur disco","og_description":"Danseurs disco professionnels pour une soir\u00e9e \u00e9lectrisante! Revivez l\u2019ambiance r\u00e9tro des ann\u00e9es 70,80 avec notre spectacle Disco pour \u00e9v\u00e9nement.","og_url":"https:\/\/www.animations-doumica.com\/en\/danseur-disco\/","og_site_name":"Agence \u00e9v\u00e9nementielle Montr\u00e9al Qu\u00e9bec","article_publisher":"https:\/\/www.facebook.com\/animations.doumica\/","article_modified_time":"2025-10-02T12:43:13+00:00","og_image":[{"width":940,"height":400,"url":"https:\/\/www.animations-doumica.com\/wp-content\/uploads\/2017\/07\/Album-principal.jpg","type":"image\/jpeg"}],"twitter_card":"summary_large_image","twitter_site":"@Doumica","twitter_misc":{"Est. reading time":"7 minutes"},"schema":{"@context":"https:\/\/schema.org","@graph":[{"@type":"WebPage","@id":"https:\/\/www.animations-doumica.com\/en\/danseur-disco\/","url":"https:\/\/www.animations-doumica.com\/en\/danseur-disco\/","name":"Danseurs Disco & animation\/ spectacle de danse disco pour \u00e9v\u00e9nement","isPartOf":{"@id":"https:\/\/www.animations-doumica.com\/en\/#website"},"datePublished":"2017-09-06T11:36:14+00:00","dateModified":"2025-10-02T12:43:13+00:00","description":"Danseurs disco professionnels pour une soir\u00e9e \u00e9lectrisante! Revivez l\u2019ambiance r\u00e9tro des ann\u00e9es 70,80 avec notre spectacle Disco pour \u00e9v\u00e9nement.","breadcrumb":{"@id":"https:\/\/www.animations-doumica.com\/en\/danseur-disco\/#breadcrumb"},"inLanguage":"en-US","potentialAction":[{"@type":"ReadAction","target":["https:\/\/www.animations-doumica.com\/en\/danseur-disco\/"]}]},{"@type":"BreadcrumbList","@id":"https:\/\/www.animations-doumica.com\/en\/danseur-disco\/#breadcrumb","itemListElement":[{"@type":"ListItem","position":1,"name":"Home","item":"https:\/\/www.animations-doumica.com\/en\/"},{"@type":"ListItem","position":2,"name":"Danseur disco"}]},{"@type":"WebSite","@id":"https:\/\/www.animations-doumica.com\/en\/#website","url":"https:\/\/www.animations-doumica.com\/en\/","name":"Agence \u00e9v\u00e9nementielle Montr\u00e9al Qu\u00e9bec","description":"Organisation d\u2019\u00e9v\u00e9nement &amp; animation de soir\u00e9e","potentialAction":[{"@type":"SearchAction","target":{"@type":"EntryPoint","urlTemplate":"https:\/\/www.animations-doumica.com\/en\/?s={search_term_string}"},"query-input":{"@type":"PropertyValueSpecification","valueRequired":true,"valueName":"search_term_string"}}],"inLanguage":"en-US"}]}},"_links":{"self":[{"href":"https:\/\/www.animations-doumica.com\/en\/wp-json\/wp\/v2\/pages\/6231","targetHints":{"allow":["GET"]}}],"collection":[{"href":"https:\/\/www.animations-doumica.com\/en\/wp-json\/wp\/v2\/pages"}],"about":[{"href":"https:\/\/www.animations-doumica.com\/en\/wp-json\/wp\/v2\/types\/page"}],"author":[{"embeddable":true,"href":"https:\/\/www.animations-doumica.com\/en\/wp-json\/wp\/v2\/users\/1"}],"replies":[{"embeddable":true,"href":"https:\/\/www.animations-doumica.com\/en\/wp-json\/wp\/v2\/comments?post=6231"}],"version-history":[{"count":1,"href":"https:\/\/www.animations-doumica.com\/en\/wp-json\/wp\/v2\/pages\/6231\/revisions"}],"predecessor-version":[{"id":7302,"href":"https:\/\/www.animations-doumica.com\/en\/wp-json\/wp\/v2\/pages\/6231\/revisions\/7302"}],"wp:attachment":[{"href":"https:\/\/www.animations-doumica.com\/en\/wp-json\/wp\/v2\/media?parent=6231"}],"curies":[{"name":"wp","href":"https:\/\/api.w.org\/{rel}","templated":true}]}}