{"id":6227,"date":"2017-09-06T11:51:21","date_gmt":"2017-09-06T11:51:21","guid":{"rendered":"https:\/\/www.animations-doumica.com\/cabaret-la-folie-des-annees-20\/"},"modified":"2025-08-19T12:58:23","modified_gmt":"2025-08-19T16:58:23","slug":"cabaret-la-folie-des-annees-20","status":"publish","type":"page","link":"https:\/\/www.animations-doumica.com\/en\/cabaret-la-folie-des-annees-20\/","title":{"rendered":"Cabaret, la folie des ann\u00e9es 20!"},"content":{"rendered":"<p><div class=\"fusion-fullwidth fullwidth-box fusion-builder-row-1 hundred-percent-fullwidth non-hundred-percent-height-scrolling\" style=\"--awb-border-radius-top-left:0px;--awb-border-radius-top-right:0px;--awb-border-radius-bottom-right:0px;--awb-border-radius-bottom-left:0px;--awb-padding-top:0px;--awb-padding-right:0px;--awb-padding-bottom:0px;--awb-padding-left:0px;--awb-flex-wrap:wrap;\" ><div class=\"fusion-builder-row fusion-row\"><div class=\"fusion-layout-column fusion_builder_column fusion-builder-column-0 fusion_builder_column_1_1 1_1 fusion-one-full fusion-column-first fusion-column-last\" style=\"--awb-bg-size:cover;\"><div class=\"fusion-column-wrapper fusion-column-has-shadow fusion-flex-column-wrapper-legacy\">\t\t\t\t\t<div class=\"fusion-slider-container fusion-slider-sc-cabaret-la-folie-des-annees-20-soiree-thematique fusion-slider-45 full-width-slider\" style=\"height:640px; max-width:100%;\" data-id=\"45\" data-full_height=\"\">\n\t\t\t\t\t\t<style type=\"text\/css\">.fusion-slider-45 .flex-direction-nav a {width:63px;height:63px;line-height:63px;font-size:25px;}<\/style>\t\t\t\t\t\t<div class=\"fusion-slider-loading\">Loading...<\/div>\n\t\t\t\t\t\t<div class=\"tfs-slider flexslider main-flex full-width-slider\" data-slider_width=\"100%\" data-slider_height=\"640px\" data-full_screen=\"0\" data-parallax=\"0\" data-nav_arrows=\"1\" data-nav_box_width=\"63px\" data-nav_box_height=\"63px\" data-nav_arrow_size=\"25px\" data-pagination_circles=\"0\" data-autoplay=\"1\" data-loop=\"0\" data-animation=\"fade\" data-slideshow_speed=\"7000\" data-animation_speed=\"600\" data-typo_sensitivity=\"1\" data-typo_factor=\"1.5\" data-orderby=\"date\" data-order=\"DESC\" style=\"max-width:100%;\">\n\t\t\t\t\t\t\t<ul class=\"slides\">\n\t\t\t\t\t\t\t\t\t\t\t\t\t\t\t\t\t<li data-mute=\"yes\" data-loop=\"yes\" data-autoplay=\"yes\">\n\t\t\t\t\t\t\t\t\t\t<div class=\"slide-content-container slide-content-center\" style=\"display: none;\">\n\t\t\t\t\t\t\t\t\t\t\t<div class=\"slide-content\" style=\"\">\n\t\t\t\t\t\t\t\t\t\t\t\t\t\t\t\t\t\t\t\t\t\t\t\t\t<div class=\"heading with-bg\">\n\t\t\t\t\t\t\t\t\t\t\t\t\t\t<div class=\"fusion-title-sc-wrapper\" style=\"background-color: rgba(0,0,0, 0.4);\">\n\t\t\t\t\t\t\t\t\t\t\t\t\t\t\t<div class=\"fusion-title title fusion-title-1 fusion-sep-none fusion-title-center fusion-title-text fusion-title-size-four\" style=\"--awb-margin-top:0px;--awb-margin-bottom:0px;--awb-font-size:60px;\"><h4 class=\"fusion-title-heading title-heading-center fusion-responsive-typography-calculated\" style=\"margin:0;font-size:1em;--fontSize:60;line-height:1.33;\">Des soir\u00e9es th\u00e9matiques cl\u00e9s en main.<\/h4><\/div>\t\t\t\t\t\t\t\t\t\t\t\t\t\t<\/div>\n\t\t\t\t\t\t\t\t\t\t\t\t\t<\/div>\n\t\t\t\t\t\t\t\t\t\t\t\t\t\t\t\t\t\t\t\t\t\t\t\t\t\t\t\t\t\t\t\t\t\t\t\t\t\t\t\t\t\t\t\t\t\t\t\t\t<div class=\"buttons\" >\n\t\t\t\t\t\t\t\t\t\t\t\t\t\t\t\t\t\t\t\t\t\t\t\t\t\t\t\t\t\t\t\t\t\t\t\t\t\t\t\t\t<\/div>\n\t\t\t\t\t\t\t\t\t\t\t\t\t\t\t\t\t\t\t\t\t\t\t<\/div>\n\t\t\t\t\t\t\t\t\t\t<\/div>\n\t\t\t\t\t\t\t\t\t\t\t\t\t\t\t\t\t\t\t\t\t\t\t\t\t\t\t\t\t\t\t\t\t\t\t\t\t\t\t\t<div class=\"background background-image\" style=\"background-image: url(https:\/\/www.animations-doumica.com\/wp-content\/uploads\/2017\/07\/soiree-thematique-cabaret-FILEminimizer.jpg);max-width:100%;height:640px;filter: progid:DXImageTransform.Microsoft.AlphaImageLoader(src='https:\/\/www.animations-doumica.com\/wp-content\/uploads\/2017\/07\/soiree-thematique-cabaret-FILEminimizer.jpg', sizingMethod='scale');\" data-imgwidth=\"1854\">\n\t\t\t\t\t\t\t\t\t\t\t\t\t\t\t\t\t\t\t\t\t\t\t\t\t\t\t\t\t\t\t\t\t\t\t\t\t\t\t\t\t\t\t\t\t\t\t\t\t\t\t\t\t\t\t\t\t\t\t\t\t\t\t\t\t\t<\/div>\n\t\t\t\t\t\t\t\t\t<\/li>\n\t\t\t\t\t\t\t\t\t\t\t\t\t\t\t\t\t\t\t\t\t\t\t<\/ul>\n\t\t\t\t\t\t<\/div>\n\t\t\t\t\t<\/div>\n\t\t\t\t\t\t\t\t<div class=\"fusion-clearfix\"><\/div><\/div><\/div><\/div><\/div><div class=\"fusion-fullwidth fullwidth-box fusion-builder-row-2 nonhundred-percent-fullwidth non-hundred-percent-height-scrolling\" style=\"--awb-border-radius-top-left:0px;--awb-border-radius-top-right:0px;--awb-border-radius-bottom-right:0px;--awb-border-radius-bottom-left:0px;--awb-margin-top:25px;--awb-margin-bottom:25px;--awb-flex-wrap:wrap;\" ><div class=\"fusion-builder-row fusion-row\"><div class=\"fusion-layout-column fusion_builder_column fusion-builder-column-1 fusion_builder_column_1_1 1_1 fusion-one-full fusion-column-first fusion-column-last\" style=\"--awb-bg-size:cover;\"><div class=\"fusion-column-wrapper fusion-flex-column-wrapper-legacy\"><div class=\"fusion-text fusion-text-1\"><h2 style=\"text-align: center;\">Soir\u00e9e th\u00e9matique Cabaret<\/h2>\n<\/div><div class=\"fusion-text fusion-text-2\"><p>Vous planifier une soir\u00e9e th\u00e9matique cabaret? Ambiance feutr\u00e9e, lumi\u00e8re tamis\u00e9e, replongez-vous dans les ann\u00e9es 20: les ann\u00e9es des cabarets, d\u2019 Al Capone, de l\u2019insouciance, les ann\u00e9es folles avec la soir\u00e9e th\u00e9matique Cabaret ann\u00e9es 20.<\/p>\n<h2>Soir\u00e9e th\u00e9matique Cabaret:<\/h2>\n<p>Pour commencer, vous serez accueilli par les h\u00f4tesses dans une ambiance feutr\u00e9e et bucolique qui remettront chapeaux de mafioso et bandeau de plumes aux invit\u00e9s. Nos d\u00e9cors souligneront le th\u00e8me de votre \u00e9v\u00e9nement. Si vous le d\u00e9sirez vous pouvez aussi choisir parmi notre vaste choix d&#8217;h\u00f4tesses th\u00e9mayique, <a href=\"\/doumica?page_id=176\">dans la section h\u00f4tesse<\/a> ( Par exemple: Candy girl, cigarette girls, \u00a0h\u00f4tesse champagne et plus en core).\u00a0 Afin de soutenir le th\u00e8me de la soir\u00e9e, entre les services vous assisterez \u00e0 un spectacle de vari\u00e9t\u00e9 digne des grands th\u00e9\u00e2tres de Paris et New-york sur des musiques des films Chicago, Burlesques et Moulin Rouge. \u00c9ventails de plumes, chapeau haute forme et tuxedo queue de canard, \u00a0un spectacle th\u00e9\u00e2tral, \u00a0\u00e9nergique et charismatique! La soir\u00e9e se poursuivra avec des musiques populaires que notre DJ aura s\u00e9lectionn\u00e9 \u00e0 votre demande.<\/p>\n<h4>Animation de soir\u00e9e:<\/h4>\n<p>Vous d\u00e9sirez de l&#8217;animation ou de l&#8217;interactivit\u00e9s avec les invit\u00e9s pour d\u00e9marrer le plancher de danse? Nos danseuses se feront un plaisir de remplir le plancher de danse et de montrer quelques pas de danse \u00e0 vos invit\u00e9s.<\/p>\n<h3><strong>La soir\u00e9e th\u00e9matique Cabaret comprend:<\/strong><\/h3>\n<ul>\n<li>D\u00e9cor de salle<\/li>\n<li>Animation durant le cocktail ( <a href=\"https:\/\/www.animations-doumica.com\/en\/staff-personnel-evenementiel\/\">H\u00f4tesse<\/a> ou chanteuse)<\/li>\n<li><a href=\"\/doumica?page_id=159\">Spectacle de danse entre les services du repas<\/a><\/li>\n<li>Animation de type Charleston pour d\u00e9marrer le plancher de danse<\/li>\n<li>Musique jusqu&#8217;au bout de la nuit par notre <a href=\"https:\/\/www.animations-doumica.com\/en\/dj-animateur-de-soiree\/\">DJ<\/a><\/li>\n<\/ul>\n<p><strong>Id\u00e9al pour soir\u00e9e Casino, soir\u00e9e \u00e0 th\u00e8me, soir\u00e9e corporative, colloque, gala, mariage, restaurant, bar, lancement de produits, etc. Spectacle polyvalent s\u2019adaptant \u00e0 toute occassion<\/strong><\/p>\n<\/div><div class=\"fusion-clearfix\"><\/div><\/div><\/div><\/div><\/div><div class=\"fusion-fullwidth fullwidth-box fusion-builder-row-3 nonhundred-percent-fullwidth non-hundred-percent-height-scrolling\" style=\"--awb-border-radius-top-left:0px;--awb-border-radius-top-right:0px;--awb-border-radius-bottom-right:0px;--awb-border-radius-bottom-left:0px;--awb-flex-wrap:wrap;\" ><div class=\"fusion-builder-row fusion-row\"><div class=\"fusion-layout-column fusion_builder_column fusion-builder-column-2 fusion_builder_column_1_3 1_3 fusion-one-third fusion-column-first\" style=\"--awb-bg-size:cover;width:33.333333333333%;width:calc(33.333333333333% - ( ( 4% + 4% ) * 0.33333333333333 ) );margin-right: 4%;\"><div class=\"fusion-column-wrapper fusion-flex-column-wrapper-legacy\"><div class=\"fusion-image-element in-legacy-container\" style=\"--awb-caption-title-font-family:var(--h2_typography-font-family);--awb-caption-title-font-weight:var(--h2_typography-font-weight);--awb-caption-title-font-style:var(--h2_typography-font-style);--awb-caption-title-size:var(--h2_typography-font-size);--awb-caption-title-transform:var(--h2_typography-text-transform);--awb-caption-title-line-height:var(--h2_typography-line-height);--awb-caption-title-letter-spacing:var(--h2_typography-letter-spacing);\"><span class=\" fusion-imageframe imageframe-none imageframe-1 hover-type-none\"><img decoding=\"async\" width=\"300\" height=\"225\" alt=\"Soir\u00e9e th\u00e9matique Cabaret\" title=\"eventails de plumes 2\" src=\"https:\/\/www.animations-doumica.com\/wp-content\/uploads\/2017\/09\/eventails-de-plumes-2-300x225.jpg\" class=\"img-responsive wp-image-2531\" srcset=\"https:\/\/www.animations-doumica.com\/wp-content\/uploads\/2017\/09\/eventails-de-plumes-2-200x150.jpg 200w, https:\/\/www.animations-doumica.com\/wp-content\/uploads\/2017\/09\/eventails-de-plumes-2-400x300.jpg 400w, https:\/\/www.animations-doumica.com\/wp-content\/uploads\/2017\/09\/eventails-de-plumes-2-600x450.jpg 600w, https:\/\/www.animations-doumica.com\/wp-content\/uploads\/2017\/09\/eventails-de-plumes-2-800x600.jpg 800w, https:\/\/www.animations-doumica.com\/wp-content\/uploads\/2017\/09\/eventails-de-plumes-2.jpg 960w\" sizes=\"(max-width: 800px) 100vw, 400px\" \/><\/span><\/div><div class=\"fusion-text fusion-text-3\"><p>Spectacle Burlesque<\/p>\n<\/div><div class=\"fusion-clearfix\"><\/div><\/div><\/div><div class=\"fusion-layout-column fusion_builder_column fusion-builder-column-3 fusion_builder_column_1_3 1_3 fusion-one-third\" style=\"--awb-bg-size:cover;width:33.333333333333%;width:calc(33.333333333333% - ( ( 4% + 4% ) * 0.33333333333333 ) );margin-right: 4%;\"><div class=\"fusion-column-wrapper fusion-flex-column-wrapper-legacy\"><div class=\"fusion-image-element in-legacy-container\" style=\"--awb-caption-title-font-family:var(--h2_typography-font-family);--awb-caption-title-font-weight:var(--h2_typography-font-weight);--awb-caption-title-font-style:var(--h2_typography-font-style);--awb-caption-title-size:var(--h2_typography-font-size);--awb-caption-title-transform:var(--h2_typography-text-transform);--awb-caption-title-line-height:var(--h2_typography-line-height);--awb-caption-title-letter-spacing:var(--h2_typography-letter-spacing);\"><span class=\" fusion-imageframe imageframe-none imageframe-2 hover-type-none\"><img decoding=\"async\" width=\"270\" height=\"300\" alt=\"Soir\u00e9e th\u00e9matique Cabaret\" title=\"IMG 1302 resize\" src=\"https:\/\/www.animations-doumica.com\/wp-content\/uploads\/2017\/09\/IMG_1302-resize-270x300.jpg\" class=\"img-responsive wp-image-2529\" srcset=\"https:\/\/www.animations-doumica.com\/wp-content\/uploads\/2017\/09\/IMG_1302-resize-200x222.jpg 200w, https:\/\/www.animations-doumica.com\/wp-content\/uploads\/2017\/09\/IMG_1302-resize-400x444.jpg 400w, https:\/\/www.animations-doumica.com\/wp-content\/uploads\/2017\/09\/IMG_1302-resize-600x666.jpg 600w, https:\/\/www.animations-doumica.com\/wp-content\/uploads\/2017\/09\/IMG_1302-resize.jpg 800w\" sizes=\"(max-width: 800px) 100vw, 400px\" \/><\/span><\/div><div class=\"fusion-text fusion-text-4\"><p>Spectacle Bropadway<\/p>\n<\/div><div class=\"fusion-clearfix\"><\/div><\/div><\/div><div class=\"fusion-layout-column fusion_builder_column fusion-builder-column-4 fusion_builder_column_1_3 1_3 fusion-one-third fusion-column-last\" style=\"--awb-bg-size:cover;width:33.333333333333%;width:calc(33.333333333333% - ( ( 4% + 4% ) * 0.33333333333333 ) );\"><div class=\"fusion-column-wrapper fusion-flex-column-wrapper-legacy\"><div class=\"fusion-image-element in-legacy-container\" style=\"--awb-caption-title-font-family:var(--h2_typography-font-family);--awb-caption-title-font-weight:var(--h2_typography-font-weight);--awb-caption-title-font-style:var(--h2_typography-font-style);--awb-caption-title-size:var(--h2_typography-font-size);--awb-caption-title-transform:var(--h2_typography-text-transform);--awb-caption-title-line-height:var(--h2_typography-line-height);--awb-caption-title-letter-spacing:var(--h2_typography-letter-spacing);\"><span class=\" fusion-imageframe imageframe-none imageframe-3 hover-type-none\"><img decoding=\"async\" width=\"300\" height=\"169\" alt=\"Lady Marmelade 2\" title=\"Lady Marmelade 2\" src=\"https:\/\/www.animations-doumica.com\/wp-content\/uploads\/2017\/09\/Lady-Marmelade-2-300x169.jpg\" class=\"img-responsive wp-image-2530\" srcset=\"https:\/\/www.animations-doumica.com\/wp-content\/uploads\/2017\/09\/Lady-Marmelade-2-200x113.jpg 200w, https:\/\/www.animations-doumica.com\/wp-content\/uploads\/2017\/09\/Lady-Marmelade-2-400x225.jpg 400w, https:\/\/www.animations-doumica.com\/wp-content\/uploads\/2017\/09\/Lady-Marmelade-2-600x338.jpg 600w, https:\/\/www.animations-doumica.com\/wp-content\/uploads\/2017\/09\/Lady-Marmelade-2-800x450.jpg 800w, https:\/\/www.animations-doumica.com\/wp-content\/uploads\/2017\/09\/Lady-Marmelade-2.jpg 960w\" sizes=\"(max-width: 800px) 100vw, 400px\" \/><\/span><\/div><div class=\"fusion-text fusion-text-5\"><p>Spectacle Moulin Rouge<\/p>\n<\/div><div class=\"fusion-clearfix\"><\/div><\/div><\/div><\/div><\/div><div class=\"fusion-fullwidth fullwidth-box fusion-builder-row-4 nonhundred-percent-fullwidth non-hundred-percent-height-scrolling\" style=\"--awb-border-radius-top-left:0px;--awb-border-radius-top-right:0px;--awb-border-radius-bottom-right:0px;--awb-border-radius-bottom-left:0px;--awb-flex-wrap:wrap;\" ><div class=\"fusion-builder-row fusion-row\"><div class=\"fusion-layout-column fusion_builder_column fusion-builder-column-5 fusion_builder_column_1_2 1_2 fusion-one-half fusion-column-first\" style=\"--awb-bg-size:cover;width:50%;width:calc(50% - ( ( 4% ) * 0.5 ) );margin-right: 4%;\"><div class=\"fusion-column-wrapper fusion-flex-column-wrapper-legacy\"><div class=\"fusion-image-element in-legacy-container\" style=\"--awb-caption-title-font-family:var(--h2_typography-font-family);--awb-caption-title-font-weight:var(--h2_typography-font-weight);--awb-caption-title-font-style:var(--h2_typography-font-style);--awb-caption-title-size:var(--h2_typography-font-size);--awb-caption-title-transform:var(--h2_typography-text-transform);--awb-caption-title-line-height:var(--h2_typography-line-height);--awb-caption-title-letter-spacing:var(--h2_typography-letter-spacing);\"><span class=\" fusion-imageframe imageframe-none imageframe-4 hover-type-none\"><img decoding=\"async\" width=\"169\" height=\"300\" alt=\"Cabaret acc fete\" title=\"Cabaret acc fete\" src=\"https:\/\/www.animations-doumica.com\/wp-content\/uploads\/2017\/09\/Cabaret-acc-fete-169x300.jpg\" class=\"img-responsive wp-image-2532\" srcset=\"https:\/\/www.animations-doumica.com\/wp-content\/uploads\/2017\/09\/Cabaret-acc-fete-200x355.jpg 200w, https:\/\/www.animations-doumica.com\/wp-content\/uploads\/2017\/09\/Cabaret-acc-fete-400x710.jpg 400w, https:\/\/www.animations-doumica.com\/wp-content\/uploads\/2017\/09\/Cabaret-acc-fete.jpg 541w\" sizes=\"(max-width: 800px) 100vw, 169px\" \/><\/span><\/div><div class=\"fusion-text fusion-text-6\"><p>Accessoires de f\u00eate<\/p>\n<\/div><div class=\"fusion-clearfix\"><\/div><\/div><\/div><div class=\"fusion-layout-column fusion_builder_column fusion-builder-column-6 fusion_builder_column_1_2 1_2 fusion-one-half fusion-column-last\" style=\"--awb-bg-size:cover;width:50%;width:calc(50% - ( ( 4% ) * 0.5 ) );\"><div class=\"fusion-column-wrapper fusion-flex-column-wrapper-legacy\"><div class=\"fusion-image-element in-legacy-container\" style=\"--awb-caption-title-font-family:var(--h2_typography-font-family);--awb-caption-title-font-weight:var(--h2_typography-font-weight);--awb-caption-title-font-style:var(--h2_typography-font-style);--awb-caption-title-size:var(--h2_typography-font-size);--awb-caption-title-transform:var(--h2_typography-text-transform);--awb-caption-title-line-height:var(--h2_typography-line-height);--awb-caption-title-letter-spacing:var(--h2_typography-letter-spacing);\"><span class=\" fusion-imageframe imageframe-none imageframe-5 hover-type-none\"><img decoding=\"async\" width=\"300\" height=\"274\" title=\"chapeau tendance 14996\" src=\"https:\/\/www.animations-doumica.com\/wp-content\/uploads\/2017\/09\/chapeau-tendance-14996-300x274.jpg\" alt class=\"img-responsive wp-image-2533\" srcset=\"https:\/\/www.animations-doumica.com\/wp-content\/uploads\/2017\/09\/chapeau-tendance-14996-200x183.jpg 200w, https:\/\/www.animations-doumica.com\/wp-content\/uploads\/2017\/09\/chapeau-tendance-14996-400x365.jpg 400w, https:\/\/www.animations-doumica.com\/wp-content\/uploads\/2017\/09\/chapeau-tendance-14996-600x548.jpg 600w, https:\/\/www.animations-doumica.com\/wp-content\/uploads\/2017\/09\/chapeau-tendance-14996-800x730.jpg 800w, https:\/\/www.animations-doumica.com\/wp-content\/uploads\/2017\/09\/chapeau-tendance-14996.jpg 1150w\" sizes=\"(max-width: 800px) 100vw, 600px\" \/><\/span><\/div><div class=\"fusion-text fusion-text-7\"><p>Accessoire de f\u00eate<\/p>\n<\/div><div class=\"fusion-clearfix\"><\/div><\/div><\/div><\/div><\/div><\/p>\n","protected":false},"excerpt":{"rendered":"","protected":false},"author":1,"featured_media":0,"parent":0,"menu_order":0,"comment_status":"closed","ping_status":"closed","template":"100-width.php","meta":{"footnotes":""},"class_list":["post-6227","page","type-page","status-publish","hentry"],"yoast_head":"<!-- This site is optimized with the Yoast SEO Premium plugin v26.0 (Yoast SEO v26.0) - https:\/\/yoast.com\/wordpress\/plugins\/seo\/ -->\n<title>Soir\u00e9e th\u00e9matique cabaret, moulin rouge- Gatsby Animations Doumica<\/title>\n<meta name=\"description\" content=\"Nous vous offrons une soir\u00e9e th\u00e9matique cabaret cl\u00e9 en main pour votre prochain \u00e9v\u00e9nement entreprise: D\u00e9cor th\u00e9matique, Spectacle, DJ...\" \/>\n<meta name=\"robots\" content=\"index, follow, max-snippet:-1, max-image-preview:large, max-video-preview:-1\" \/>\n<link rel=\"canonical\" href=\"https:\/\/www.animations-doumica.com\/en\/cabaret-la-folie-des-annees-20\/\" \/>\n<meta property=\"og:locale\" content=\"en_US\" \/>\n<meta property=\"og:type\" content=\"article\" \/>\n<meta property=\"og:title\" content=\"Cabaret, la folie des ann\u00e9es 20!\" \/>\n<meta property=\"og:description\" content=\"Nous vous offrons une soir\u00e9e th\u00e9matique cabaret cl\u00e9 en main pour votre prochain \u00e9v\u00e9nement entreprise: D\u00e9cor th\u00e9matique, Spectacle, DJ...\" \/>\n<meta property=\"og:url\" content=\"https:\/\/www.animations-doumica.com\/en\/cabaret-la-folie-des-annees-20\/\" \/>\n<meta property=\"og:site_name\" content=\"Agence \u00e9v\u00e9nementielle Montr\u00e9al Qu\u00e9bec\" \/>\n<meta property=\"article:publisher\" content=\"https:\/\/www.facebook.com\/animations.doumica\/\" \/>\n<meta property=\"article:modified_time\" content=\"2025-08-19T16:58:23+00:00\" \/>\n<meta property=\"og:image\" content=\"https:\/\/www.animations-doumica.com\/wp-content\/uploads\/2017\/07\/Album-principal.jpg\" \/>\n\t<meta property=\"og:image:width\" content=\"940\" \/>\n\t<meta property=\"og:image:height\" content=\"400\" \/>\n\t<meta property=\"og:image:type\" content=\"image\/jpeg\" \/>\n<meta name=\"twitter:card\" content=\"summary_large_image\" \/>\n<meta name=\"twitter:site\" content=\"@Doumica\" \/>\n<meta name=\"twitter:label1\" content=\"Est. reading time\" \/>\n\t<meta name=\"twitter:data1\" content=\"7 minutes\" \/>\n<script type=\"application\/ld+json\" class=\"yoast-schema-graph\">{\"@context\":\"https:\/\/schema.org\",\"@graph\":[{\"@type\":\"WebPage\",\"@id\":\"https:\/\/www.animations-doumica.com\/en\/cabaret-la-folie-des-annees-20\/\",\"url\":\"https:\/\/www.animations-doumica.com\/en\/cabaret-la-folie-des-annees-20\/\",\"name\":\"Soir\u00e9e th\u00e9matique cabaret, moulin rouge- Gatsby Animations Doumica\",\"isPartOf\":{\"@id\":\"https:\/\/www.animations-doumica.com\/en\/#website\"},\"datePublished\":\"2017-09-06T11:51:21+00:00\",\"dateModified\":\"2025-08-19T16:58:23+00:00\",\"description\":\"Nous vous offrons une soir\u00e9e th\u00e9matique cabaret cl\u00e9 en main pour votre prochain \u00e9v\u00e9nement entreprise: D\u00e9cor th\u00e9matique, Spectacle, DJ...\",\"breadcrumb\":{\"@id\":\"https:\/\/www.animations-doumica.com\/en\/cabaret-la-folie-des-annees-20\/#breadcrumb\"},\"inLanguage\":\"en-US\",\"potentialAction\":[{\"@type\":\"ReadAction\",\"target\":[\"https:\/\/www.animations-doumica.com\/en\/cabaret-la-folie-des-annees-20\/\"]}]},{\"@type\":\"BreadcrumbList\",\"@id\":\"https:\/\/www.animations-doumica.com\/en\/cabaret-la-folie-des-annees-20\/#breadcrumb\",\"itemListElement\":[{\"@type\":\"ListItem\",\"position\":1,\"name\":\"Home\",\"item\":\"https:\/\/www.animations-doumica.com\/en\/\"},{\"@type\":\"ListItem\",\"position\":2,\"name\":\"Cabaret, la folie des ann\u00e9es 20!\"}]},{\"@type\":\"WebSite\",\"@id\":\"https:\/\/www.animations-doumica.com\/en\/#website\",\"url\":\"https:\/\/www.animations-doumica.com\/en\/\",\"name\":\"Agence \u00e9v\u00e9nementielle Montr\u00e9al Qu\u00e9bec\",\"description\":\"Organisation d\u2019\u00e9v\u00e9nement &amp; animation de soir\u00e9e\",\"potentialAction\":[{\"@type\":\"SearchAction\",\"target\":{\"@type\":\"EntryPoint\",\"urlTemplate\":\"https:\/\/www.animations-doumica.com\/en\/?s={search_term_string}\"},\"query-input\":{\"@type\":\"PropertyValueSpecification\",\"valueRequired\":true,\"valueName\":\"search_term_string\"}}],\"inLanguage\":\"en-US\"}]}<\/script>\n<!-- \/ Yoast SEO Premium plugin. -->","yoast_head_json":{"title":"Soir\u00e9e th\u00e9matique cabaret, moulin rouge- Gatsby Animations Doumica","description":"Nous vous offrons une soir\u00e9e th\u00e9matique cabaret cl\u00e9 en main pour votre prochain \u00e9v\u00e9nement entreprise: D\u00e9cor th\u00e9matique, Spectacle, DJ...","robots":{"index":"index","follow":"follow","max-snippet":"max-snippet:-1","max-image-preview":"max-image-preview:large","max-video-preview":"max-video-preview:-1"},"canonical":"https:\/\/www.animations-doumica.com\/en\/cabaret-la-folie-des-annees-20\/","og_locale":"en_US","og_type":"article","og_title":"Cabaret, la folie des ann\u00e9es 20!","og_description":"Nous vous offrons une soir\u00e9e th\u00e9matique cabaret cl\u00e9 en main pour votre prochain \u00e9v\u00e9nement entreprise: D\u00e9cor th\u00e9matique, Spectacle, DJ...","og_url":"https:\/\/www.animations-doumica.com\/en\/cabaret-la-folie-des-annees-20\/","og_site_name":"Agence \u00e9v\u00e9nementielle Montr\u00e9al Qu\u00e9bec","article_publisher":"https:\/\/www.facebook.com\/animations.doumica\/","article_modified_time":"2025-08-19T16:58:23+00:00","og_image":[{"width":940,"height":400,"url":"https:\/\/www.animations-doumica.com\/wp-content\/uploads\/2017\/07\/Album-principal.jpg","type":"image\/jpeg"}],"twitter_card":"summary_large_image","twitter_site":"@Doumica","twitter_misc":{"Est. reading time":"7 minutes"},"schema":{"@context":"https:\/\/schema.org","@graph":[{"@type":"WebPage","@id":"https:\/\/www.animations-doumica.com\/en\/cabaret-la-folie-des-annees-20\/","url":"https:\/\/www.animations-doumica.com\/en\/cabaret-la-folie-des-annees-20\/","name":"Soir\u00e9e th\u00e9matique cabaret, moulin rouge- Gatsby Animations Doumica","isPartOf":{"@id":"https:\/\/www.animations-doumica.com\/en\/#website"},"datePublished":"2017-09-06T11:51:21+00:00","dateModified":"2025-08-19T16:58:23+00:00","description":"Nous vous offrons une soir\u00e9e th\u00e9matique cabaret cl\u00e9 en main pour votre prochain \u00e9v\u00e9nement entreprise: D\u00e9cor th\u00e9matique, Spectacle, DJ...","breadcrumb":{"@id":"https:\/\/www.animations-doumica.com\/en\/cabaret-la-folie-des-annees-20\/#breadcrumb"},"inLanguage":"en-US","potentialAction":[{"@type":"ReadAction","target":["https:\/\/www.animations-doumica.com\/en\/cabaret-la-folie-des-annees-20\/"]}]},{"@type":"BreadcrumbList","@id":"https:\/\/www.animations-doumica.com\/en\/cabaret-la-folie-des-annees-20\/#breadcrumb","itemListElement":[{"@type":"ListItem","position":1,"name":"Home","item":"https:\/\/www.animations-doumica.com\/en\/"},{"@type":"ListItem","position":2,"name":"Cabaret, la folie des ann\u00e9es 20!"}]},{"@type":"WebSite","@id":"https:\/\/www.animations-doumica.com\/en\/#website","url":"https:\/\/www.animations-doumica.com\/en\/","name":"Agence \u00e9v\u00e9nementielle Montr\u00e9al Qu\u00e9bec","description":"Organisation d\u2019\u00e9v\u00e9nement &amp; animation de soir\u00e9e","potentialAction":[{"@type":"SearchAction","target":{"@type":"EntryPoint","urlTemplate":"https:\/\/www.animations-doumica.com\/en\/?s={search_term_string}"},"query-input":{"@type":"PropertyValueSpecification","valueRequired":true,"valueName":"search_term_string"}}],"inLanguage":"en-US"}]}},"_links":{"self":[{"href":"https:\/\/www.animations-doumica.com\/en\/wp-json\/wp\/v2\/pages\/6227","targetHints":{"allow":["GET"]}}],"collection":[{"href":"https:\/\/www.animations-doumica.com\/en\/wp-json\/wp\/v2\/pages"}],"about":[{"href":"https:\/\/www.animations-doumica.com\/en\/wp-json\/wp\/v2\/types\/page"}],"author":[{"embeddable":true,"href":"https:\/\/www.animations-doumica.com\/en\/wp-json\/wp\/v2\/users\/1"}],"replies":[{"embeddable":true,"href":"https:\/\/www.animations-doumica.com\/en\/wp-json\/wp\/v2\/comments?post=6227"}],"version-history":[{"count":1,"href":"https:\/\/www.animations-doumica.com\/en\/wp-json\/wp\/v2\/pages\/6227\/revisions"}],"predecessor-version":[{"id":7146,"href":"https:\/\/www.animations-doumica.com\/en\/wp-json\/wp\/v2\/pages\/6227\/revisions\/7146"}],"wp:attachment":[{"href":"https:\/\/www.animations-doumica.com\/en\/wp-json\/wp\/v2\/media?parent=6227"}],"curies":[{"name":"wp","href":"https:\/\/api.w.org\/{rel}","templated":true}]}}