{"id":6220,"date":"2017-09-06T11:30:05","date_gmt":"2017-09-06T11:30:05","guid":{"rendered":"https:\/\/www.animations-doumica.com\/amazonia\/"},"modified":"2025-08-19T12:43:41","modified_gmt":"2025-08-19T16:43:41","slug":"amazonia","status":"publish","type":"page","link":"https:\/\/www.animations-doumica.com\/en\/amazonia\/","title":{"rendered":"Amazonia"},"content":{"rendered":"<p><div class=\"fusion-fullwidth fullwidth-box fusion-builder-row-1 hundred-percent-fullwidth non-hundred-percent-height-scrolling\" style=\"--awb-border-radius-top-left:0px;--awb-border-radius-top-right:0px;--awb-border-radius-bottom-right:0px;--awb-border-radius-bottom-left:0px;--awb-padding-top:0px;--awb-padding-right:0px;--awb-padding-bottom:0px;--awb-padding-left:0px;--awb-flex-wrap:wrap;\" ><div class=\"fusion-builder-row fusion-row\"><div class=\"fusion-layout-column fusion_builder_column fusion-builder-column-0 fusion_builder_column_1_1 1_1 fusion-one-full fusion-column-first fusion-column-last\" style=\"--awb-bg-size:cover;\"><div class=\"fusion-column-wrapper fusion-flex-column-wrapper-legacy\">\t\t\t\t\t<div class=\"fusion-slider-container fusion-slider-sc-amazonia fusion-slider-22 full-width-slider\" style=\"height:640px; max-width:100%;\" data-id=\"22\" data-full_height=\"\">\n\t\t\t\t\t\t<style type=\"text\/css\">.fusion-slider-22 .flex-direction-nav a {width:63px;height:63px;line-height:63px;font-size:25px;}<\/style>\t\t\t\t\t\t<div class=\"fusion-slider-loading\">Loading...<\/div>\n\t\t\t\t\t\t<div class=\"tfs-slider flexslider main-flex full-width-slider\" data-slider_width=\"100%\" data-slider_height=\"640px\" data-full_screen=\"0\" data-parallax=\"0\" data-nav_arrows=\"1\" data-nav_box_width=\"63px\" data-nav_box_height=\"63px\" data-nav_arrow_size=\"25px\" data-pagination_circles=\"0\" data-autoplay=\"1\" data-loop=\"0\" data-animation=\"fade\" data-slideshow_speed=\"7000\" data-animation_speed=\"600\" data-typo_sensitivity=\"1\" data-typo_factor=\"1.5\" data-orderby=\"date\" data-order=\"DESC\" style=\"max-width:100%;\">\n\t\t\t\t\t\t\t<ul class=\"slides\">\n\t\t\t\t\t\t\t\t\t\t\t\t\t\t\t\t\t<li data-mute=\"yes\" data-loop=\"yes\" data-autoplay=\"yes\">\n\t\t\t\t\t\t\t\t\t\t<div class=\"slide-content-container slide-content-center\" style=\"display: none;\">\n\t\t\t\t\t\t\t\t\t\t\t<div class=\"slide-content\" style=\"\">\n\t\t\t\t\t\t\t\t\t\t\t\t\t\t\t\t\t\t\t\t\t\t\t\t\t<div class=\"heading with-bg\">\n\t\t\t\t\t\t\t\t\t\t\t\t\t\t<div class=\"fusion-title-sc-wrapper\" style=\"background-color: rgba(0,0,0, 0.4);\">\n\t\t\t\t\t\t\t\t\t\t\t\t\t\t\t<div class=\"fusion-title title fusion-title-1 fusion-sep-none fusion-title-center fusion-title-text fusion-title-size-four\" style=\"--awb-margin-top:0px;--awb-margin-bottom:0px;--awb-font-size:40px;\"><h4 class=\"fusion-title-heading title-heading-center fusion-responsive-typography-calculated\" style=\"margin:0;font-size:1em;--fontSize:40;line-height:1.2;\">Une ambiance exotique tout droit sortie de la jungle!<\/h4><\/div>\t\t\t\t\t\t\t\t\t\t\t\t\t\t<\/div>\n\t\t\t\t\t\t\t\t\t\t\t\t\t<\/div>\n\t\t\t\t\t\t\t\t\t\t\t\t\t\t\t\t\t\t\t\t\t\t\t\t\t\t\t\t\t\t\t\t\t\t\t\t\t\t\t\t\t\t\t\t\t\t\t\t\t<div class=\"buttons\" >\n\t\t\t\t\t\t\t\t\t\t\t\t\t\t\t\t\t\t\t\t\t\t\t\t\t\t\t\t\t\t\t\t\t\t\t\t\t\t\t\t\t<\/div>\n\t\t\t\t\t\t\t\t\t\t\t\t\t\t\t\t\t\t\t\t\t\t\t<\/div>\n\t\t\t\t\t\t\t\t\t\t<\/div>\n\t\t\t\t\t\t\t\t\t\t\t\t\t\t\t\t\t\t\t\t\t\t\t\t\t\t\t\t\t\t\t\t\t\t\t\t\t\t\t\t<div class=\"background background-image\" style=\"background-image: url(https:\/\/www.animations-doumica.com\/wp-content\/uploads\/2017\/09\/Tribal.jpg);max-width:100%;height:640px;filter: progid:DXImageTransform.Microsoft.AlphaImageLoader(src='https:\/\/www.animations-doumica.com\/wp-content\/uploads\/2017\/09\/Tribal.jpg', sizingMethod='scale');\" data-imgwidth=\"1620\">\n\t\t\t\t\t\t\t\t\t\t\t\t\t\t\t\t\t\t\t\t\t\t\t\t\t\t\t\t\t\t\t\t\t\t\t\t\t\t\t\t\t\t\t\t\t\t\t\t\t\t\t\t\t\t\t\t\t\t\t\t\t\t\t\t\t\t<\/div>\n\t\t\t\t\t\t\t\t\t<\/li>\n\t\t\t\t\t\t\t\t\t\t\t\t\t\t\t\t\t<li data-mute=\"yes\" data-loop=\"yes\" data-autoplay=\"yes\">\n\t\t\t\t\t\t\t\t\t\t<div class=\"slide-content-container slide-content-center\" style=\"display: none;\">\n\t\t\t\t\t\t\t\t\t\t\t<div class=\"slide-content\" style=\"\">\n\t\t\t\t\t\t\t\t\t\t\t\t\t\t\t\t\t\t\t\t\t\t\t\t\t<div class=\"heading with-bg\">\n\t\t\t\t\t\t\t\t\t\t\t\t\t\t<div class=\"fusion-title-sc-wrapper\" style=\"background-color: rgba(0,0,0, 0.4);\">\n\t\t\t\t\t\t\t\t\t\t\t\t\t\t\t<div class=\"fusion-title title fusion-title-2 fusion-sep-none fusion-title-center fusion-title-text fusion-title-size-four\" style=\"--awb-margin-top:0px;--awb-margin-bottom:0px;--awb-font-size:40px;\"><h4 class=\"fusion-title-heading title-heading-center fusion-responsive-typography-calculated\" style=\"margin:0;font-size:1em;--fontSize:40;line-height:1.2;\">Ajoutez la percussion africaine pour une ambiance explosive.<\/h4><\/div>\t\t\t\t\t\t\t\t\t\t\t\t\t\t<\/div>\n\t\t\t\t\t\t\t\t\t\t\t\t\t<\/div>\n\t\t\t\t\t\t\t\t\t\t\t\t\t\t\t\t\t\t\t\t\t\t\t\t\t\t\t\t\t\t\t\t\t\t\t\t\t\t\t\t\t\t\t\t\t\t\t\t\t<div class=\"buttons\" >\n\t\t\t\t\t\t\t\t\t\t\t\t\t\t\t\t\t\t\t\t\t\t\t\t\t\t\t\t\t\t\t\t\t\t\t\t\t\t\t\t\t<\/div>\n\t\t\t\t\t\t\t\t\t\t\t\t\t\t\t\t\t\t\t\t\t\t\t<\/div>\n\t\t\t\t\t\t\t\t\t\t<\/div>\n\t\t\t\t\t\t\t\t\t\t\t\t\t\t\t\t\t\t\t\t\t\t\t\t\t\t\t\t\t\t\t\t\t\t\t\t\t\t\t\t<div class=\"background background-image\" style=\"background-image: url(https:\/\/www.animations-doumica.com\/wp-content\/uploads\/2017\/09\/photo_26223_20140609_28.jpg);max-width:100%;height:640px;filter: progid:DXImageTransform.Microsoft.AlphaImageLoader(src='https:\/\/www.animations-doumica.com\/wp-content\/uploads\/2017\/09\/photo_26223_20140609_28.jpg', sizingMethod='scale');\" data-imgwidth=\"3600\">\n\t\t\t\t\t\t\t\t\t\t\t\t\t\t\t\t\t\t\t\t\t\t\t\t\t\t\t\t\t\t\t\t\t\t\t\t\t\t\t\t\t\t\t\t\t\t\t\t\t\t\t\t\t\t\t\t\t\t\t\t\t\t\t\t\t\t<\/div>\n\t\t\t\t\t\t\t\t\t<\/li>\n\t\t\t\t\t\t\t\t\t\t\t\t\t\t\t\t\t<li data-mute=\"yes\" data-loop=\"yes\" data-autoplay=\"yes\">\n\t\t\t\t\t\t\t\t\t\t<div class=\"slide-content-container slide-content-center\" style=\"display: none;\">\n\t\t\t\t\t\t\t\t\t\t\t<div class=\"slide-content\" style=\"\">\n\t\t\t\t\t\t\t\t\t\t\t\t\t\t\t\t\t\t\t\t\t\t\t\t\t<div class=\"heading with-bg\">\n\t\t\t\t\t\t\t\t\t\t\t\t\t\t<div class=\"fusion-title-sc-wrapper\" style=\"background-color: rgba(0,0,0, 0.4);\">\n\t\t\t\t\t\t\t\t\t\t\t\t\t\t\t<div class=\"fusion-title title fusion-title-3 fusion-sep-none fusion-title-center fusion-title-text fusion-title-size-four\" style=\"--awb-margin-top:0px;--awb-margin-bottom:0px;--awb-font-size:40px;\"><h4 class=\"fusion-title-heading title-heading-center fusion-responsive-typography-calculated\" style=\"margin:0;font-size:1em;--fontSize:40;line-height:1.2;\">Festive and savage!<\/h4><\/div>\t\t\t\t\t\t\t\t\t\t\t\t\t\t<\/div>\n\t\t\t\t\t\t\t\t\t\t\t\t\t<\/div>\n\t\t\t\t\t\t\t\t\t\t\t\t\t\t\t\t\t\t\t\t\t\t\t\t\t\t\t\t\t\t\t\t\t\t\t\t\t\t\t\t\t\t\t\t\t\t\t\t\t<div class=\"buttons\" >\n\t\t\t\t\t\t\t\t\t\t\t\t\t\t\t\t\t\t\t\t\t\t\t\t\t\t\t\t\t\t\t\t\t\t\t\t\t\t\t\t\t<\/div>\n\t\t\t\t\t\t\t\t\t\t\t\t\t\t\t\t\t\t\t\t\t\t\t<\/div>\n\t\t\t\t\t\t\t\t\t\t<\/div>\n\t\t\t\t\t\t\t\t\t\t\t\t\t\t\t\t\t\t\t\t\t\t\t\t\t\t\t\t\t\t\t\t\t\t\t\t\t\t\t\t<div class=\"background background-image\" style=\"background-image: url(https:\/\/www.animations-doumica.com\/wp-content\/uploads\/2017\/09\/Afro-bon-2.jpg);max-width:100%;height:640px;filter: progid:DXImageTransform.Microsoft.AlphaImageLoader(src='https:\/\/www.animations-doumica.com\/wp-content\/uploads\/2017\/09\/Afro-bon-2.jpg', sizingMethod='scale');\" data-imgwidth=\"3264\">\n\t\t\t\t\t\t\t\t\t\t\t\t\t\t\t\t\t\t\t\t\t\t\t\t\t\t\t\t\t\t\t\t\t\t\t\t\t\t\t\t\t\t\t\t\t\t\t\t\t\t\t\t\t\t\t\t\t\t\t\t\t\t\t\t\t\t<\/div>\n\t\t\t\t\t\t\t\t\t<\/li>\n\t\t\t\t\t\t\t\t\t\t\t\t\t\t\t\t\t\t\t\t\t\t\t<\/ul>\n\t\t\t\t\t\t<\/div>\n\t\t\t\t\t<\/div>\n\t\t\t\t\t\t\t\t<div class=\"fusion-clearfix\"><\/div><\/div><\/div><\/div><\/div><div class=\"fusion-fullwidth fullwidth-box fusion-builder-row-2 nonhundred-percent-fullwidth non-hundred-percent-height-scrolling\" style=\"--awb-border-radius-top-left:0px;--awb-border-radius-top-right:0px;--awb-border-radius-bottom-right:0px;--awb-border-radius-bottom-left:0px;--awb-margin-top:25px;--awb-margin-bottom:25px;--awb-flex-wrap:wrap;\" ><div class=\"fusion-builder-row fusion-row\"><div class=\"fusion-layout-column fusion_builder_column fusion-builder-column-1 fusion_builder_column_1_1 1_1 fusion-one-full fusion-column-first fusion-column-last\" style=\"--awb-bg-size:cover;\"><div class=\"fusion-column-wrapper fusion-flex-column-wrapper-legacy\"><div class=\"fusion-text fusion-text-1\"><h2>Spectacle de danse th\u00e9matique Tribal pour \u00e9v\u00e9nement:<\/h2>\n<p>Besoin d&#8217;un spectacle de danse th\u00e9matique? Vous organisez un \u00e9v\u00e9nement et d\u00e9sirez offrir une surprise \u00e0 vos invit\u00e9s ou ajoutez une animation entre les services du repas pour agr\u00e9mentez l&#8217;ambiance? Pourquoi ne pas choisir un spectacle de danse th\u00e9matique pour appuyer le th\u00e8me de votre soir\u00e9e? Nous vous offrons des spectacles de danse pour \u00e9v\u00e9nement \u00e0 couper le souffle!<\/p>\n<h3>Danse tribal:<\/h3>\n<p>Directement sortie de la for\u00eat amazonienne nos danseurs Tribaux vous feront vivre une exp\u00e9rience festive et sauvage. Sur des musiques \u00e0 base de percussions la Tribu se d\u00e9place au rythme des danses sauvages. Ex\u00e9cut\u00e9e sur des rythmes de tambours et de percussion \u00a0cette danse festive\u00a0vous s\u00e9duira par son \u00e9nergie.\u00a0<strong>Une ambiance exotique tout droit sortie de la jungle!!!<\/strong><\/p>\n<p>une spectacle de danse pour \u00e9v\u00e9nement tel que: soir\u00e9e d&#8217;entreprise, mariage, anniversaire, spectacle polyvalent s&#8217;adaptant \u00e0 toute occasion.<\/p>\n<\/div><div class=\"fusion-clearfix\"><\/div><\/div><\/div><\/div><\/div><div class=\"fusion-fullwidth fullwidth-box fusion-builder-row-3 nonhundred-percent-fullwidth non-hundred-percent-height-scrolling\" style=\"--awb-border-radius-top-left:0px;--awb-border-radius-top-right:0px;--awb-border-radius-bottom-right:0px;--awb-border-radius-bottom-left:0px;--awb-flex-wrap:wrap;\" ><div class=\"fusion-builder-row fusion-row\"><div class=\"fusion-layout-column fusion_builder_column fusion-builder-column-2 fusion_builder_column_1_1 1_1 fusion-one-full fusion-column-first fusion-column-last\" style=\"--awb-bg-size:cover;\"><div class=\"fusion-column-wrapper fusion-flex-column-wrapper-legacy\"><div class=\"fusion-clearfix\"><\/div><\/div><\/div><\/div><\/div><div class=\"fusion-fullwidth fullwidth-box fusion-builder-row-4 nonhundred-percent-fullwidth non-hundred-percent-height-scrolling\" style=\"--awb-border-radius-top-left:0px;--awb-border-radius-top-right:0px;--awb-border-radius-bottom-right:0px;--awb-border-radius-bottom-left:0px;--awb-flex-wrap:wrap;\" ><div class=\"fusion-builder-row fusion-row\"><div class=\"fusion-layout-column fusion_builder_column fusion-builder-column-3 fusion_builder_column_1_4 1_4 fusion-one-fourth fusion-column-first\" style=\"--awb-bg-size:cover;width:25%;width:calc(25% - ( ( 4% + 4% ) * 0.25 ) );margin-right: 4%;\"><div class=\"fusion-column-wrapper fusion-flex-column-wrapper-legacy\"><div class=\"fusion-clearfix\"><\/div><\/div><\/div><div class=\"fusion-layout-column fusion_builder_column fusion-builder-column-4 fusion_builder_column_1_2 1_2 fusion-one-half\" style=\"--awb-bg-size:cover;width:50%;width:calc(50% - ( ( 4% + 4% ) * 0.5 ) );margin-right: 4%;\"><div class=\"fusion-column-wrapper fusion-flex-column-wrapper-legacy\"><div class=\"fusion-video fusion-youtube fusion-aligncenter\" style=\"--awb-max-width:600px;--awb-max-height:360px;--awb-width:100%;\"><div class=\"video-shortcode\"><lite-youtube videoid=\"9zpL8vFgYZ4\" class=\"landscape\" params=\"wmode=transparent&autoplay=1&amp;enablejsapi=1\" title=\"YouTube video player 1\" data-button-label=\"Play Video\" width=\"600\" height=\"360\" data-thumbnail-size=\"auto\" data-no-cookie=\"on\"><\/lite-youtube><\/div><\/div><div class=\"fusion-clearfix\"><\/div><\/div><\/div><div class=\"fusion-layout-column fusion_builder_column fusion-builder-column-5 fusion_builder_column_1_4 1_4 fusion-one-fourth fusion-column-last\" style=\"--awb-bg-size:cover;width:25%;width:calc(25% - ( ( 4% + 4% ) * 0.25 ) );\"><div class=\"fusion-column-wrapper fusion-flex-column-wrapper-legacy\"><div class=\"fusion-clearfix\"><\/div><\/div><\/div><\/div><\/div><div class=\"fusion-fullwidth fullwidth-box fusion-builder-row-5 nonhundred-percent-fullwidth non-hundred-percent-height-scrolling\" style=\"--awb-border-radius-top-left:0px;--awb-border-radius-top-right:0px;--awb-border-radius-bottom-right:0px;--awb-border-radius-bottom-left:0px;--awb-margin-top:25px;--awb-flex-wrap:wrap;\" ><div class=\"fusion-builder-row fusion-row\"><div class=\"fusion-layout-column fusion_builder_column fusion-builder-column-6 fusion_builder_column_1_1 1_1 fusion-one-full fusion-column-first fusion-column-last\" style=\"--awb-bg-size:cover;\"><div class=\"fusion-column-wrapper fusion-flex-column-wrapper-legacy\"><div class=\"fusion-aligncenter\"><a class=\"fusion-button button-flat fusion-button-default-size button-default fusion-button-default button-1 fusion-button-default-span fusion-button-default-type\" target=\"_self\" href=\"https:\/\/www.animations-doumica.com\/contact\/\"><span class=\"fusion-button-text awb-button__text awb-button__text--default\">OBTENIR UNE SOUMISSION<\/span><\/a><\/div><div class=\"fusion-clearfix\"><\/div><\/div><\/div><\/div><\/div><div class=\"fusion-fullwidth fullwidth-box fusion-builder-row-6 nonhundred-percent-fullwidth non-hundred-percent-height-scrolling\" style=\"--awb-border-radius-top-left:0px;--awb-border-radius-top-right:0px;--awb-border-radius-bottom-right:0px;--awb-border-radius-bottom-left:0px;--awb-flex-wrap:wrap;\" ><div class=\"fusion-builder-row fusion-row\"><div class=\"fusion-layout-column fusion_builder_column fusion-builder-column-7 fusion_builder_column_1_1 1_1 fusion-one-full fusion-column-first fusion-column-last\" style=\"--awb-bg-size:cover;\"><div class=\"fusion-column-wrapper fusion-column-has-shadow fusion-flex-column-wrapper-legacy\"><div class=\"fusion-text fusion-text-2\"><p style=\"text-align: center;\">\u00a0Vous d\u00e9sirez obtenir plus d&#8217;information \u00e0 propos de ce spectacle de danse th\u00e9matique tribal? Afin de r\u00e9pondre ad\u00e9quatement \u00e0 votre demande, merci de nous indiquer: le nombre de personnes pr\u00e9sentes lors de votre \u00e9v\u00e9nement, le lieu ainsi que la date de l&#8217;\u00e9v\u00e9nement. Nos spectacles pour \u00e9v\u00e9nement peuvent s&#8217;adapter \u00e0 toute occasion. Que ce soit pour un anniversaire priv\u00e9, un mariage ou un \u00e9v\u00e9nement corporatif. Vos invit\u00e9s seront ravis de ce divertissement que vous leur offrez. Enfin, vous devez pr\u00e9voir un endroit ferm\u00e9 \u00e0 l&#8217;abri des regards afin que les danseurs puissent se changer et se pr\u00e9parer et surtout afin que vos invit\u00e9s ne soit pas au courant de la surprise avant le moment du spectacle. Notre passion est \u00e0 votre service! Nous avons l&#8217;art de divertit vos invit\u00e9s, contactez-nous! Au plaisir de collaborer aux succ\u00e8s de votre \u00e9v\u00e9nement.<\/p>\n<\/div><div class=\"fusion-clearfix\"><\/div><\/div><\/div><\/div><\/div><\/p>\n","protected":false},"excerpt":{"rendered":"","protected":false},"author":1,"featured_media":0,"parent":0,"menu_order":0,"comment_status":"closed","ping_status":"closed","template":"100-width.php","meta":{"footnotes":""},"class_list":["post-6220","page","type-page","status-publish","hentry"],"yoast_head":"<!-- This site is optimized with the Yoast SEO Premium plugin v26.0 (Yoast SEO v26.0) - https:\/\/yoast.com\/wordpress\/plugins\/seo\/ -->\n<title>Spectacle de danse th\u00e9matique tribal- Animation de soir\u00e9e<\/title>\n<meta name=\"description\" content=\"Spectacle de danse th\u00e9matique Tribal pour \u00e9v\u00e9nement. Id\u00e9al pour animation de soir\u00e9e \u00e0 th\u00e8me tel que soir\u00e9e Africaine, Safari, Animation \u00e9v\u00e9nementielle.\" \/>\n<meta name=\"robots\" content=\"index, follow, max-snippet:-1, max-image-preview:large, max-video-preview:-1\" \/>\n<link rel=\"canonical\" href=\"https:\/\/www.animations-doumica.com\/en\/amazonia\/\" \/>\n<meta property=\"og:locale\" content=\"en_US\" \/>\n<meta property=\"og:type\" content=\"article\" \/>\n<meta property=\"og:title\" content=\"Amazonia\" \/>\n<meta property=\"og:description\" content=\"Spectacle de danse th\u00e9matique Tribal pour \u00e9v\u00e9nement. Id\u00e9al pour animation de soir\u00e9e \u00e0 th\u00e8me tel que soir\u00e9e Africaine, Safari, Animation \u00e9v\u00e9nementielle.\" \/>\n<meta property=\"og:url\" content=\"https:\/\/www.animations-doumica.com\/en\/amazonia\/\" \/>\n<meta property=\"og:site_name\" content=\"Agence \u00e9v\u00e9nementielle Montr\u00e9al Qu\u00e9bec\" \/>\n<meta property=\"article:publisher\" content=\"https:\/\/www.facebook.com\/animations.doumica\/\" \/>\n<meta property=\"article:modified_time\" content=\"2025-08-19T16:43:41+00:00\" \/>\n<meta property=\"og:image\" content=\"https:\/\/www.animations-doumica.com\/wp-content\/uploads\/2017\/07\/Album-principal.jpg\" \/>\n\t<meta property=\"og:image:width\" content=\"940\" \/>\n\t<meta property=\"og:image:height\" content=\"400\" \/>\n\t<meta property=\"og:image:type\" content=\"image\/jpeg\" \/>\n<meta name=\"twitter:card\" content=\"summary_large_image\" \/>\n<meta name=\"twitter:site\" content=\"@Doumica\" \/>\n<meta name=\"twitter:label1\" content=\"Est. reading time\" \/>\n\t<meta name=\"twitter:data1\" content=\"5 minutes\" \/>\n<script type=\"application\/ld+json\" class=\"yoast-schema-graph\">{\"@context\":\"https:\/\/schema.org\",\"@graph\":[{\"@type\":\"WebPage\",\"@id\":\"https:\/\/www.animations-doumica.com\/en\/amazonia\/\",\"url\":\"https:\/\/www.animations-doumica.com\/en\/amazonia\/\",\"name\":\"Spectacle de danse th\u00e9matique tribal- Animation de soir\u00e9e\",\"isPartOf\":{\"@id\":\"https:\/\/www.animations-doumica.com\/en\/#website\"},\"datePublished\":\"2017-09-06T11:30:05+00:00\",\"dateModified\":\"2025-08-19T16:43:41+00:00\",\"description\":\"Spectacle de danse th\u00e9matique Tribal pour \u00e9v\u00e9nement. Id\u00e9al pour animation de soir\u00e9e \u00e0 th\u00e8me tel que soir\u00e9e Africaine, Safari, Animation \u00e9v\u00e9nementielle.\",\"breadcrumb\":{\"@id\":\"https:\/\/www.animations-doumica.com\/en\/amazonia\/#breadcrumb\"},\"inLanguage\":\"en-US\",\"potentialAction\":[{\"@type\":\"ReadAction\",\"target\":[\"https:\/\/www.animations-doumica.com\/en\/amazonia\/\"]}]},{\"@type\":\"BreadcrumbList\",\"@id\":\"https:\/\/www.animations-doumica.com\/en\/amazonia\/#breadcrumb\",\"itemListElement\":[{\"@type\":\"ListItem\",\"position\":1,\"name\":\"Home\",\"item\":\"https:\/\/www.animations-doumica.com\/en\/\"},{\"@type\":\"ListItem\",\"position\":2,\"name\":\"Amazonia\"}]},{\"@type\":\"WebSite\",\"@id\":\"https:\/\/www.animations-doumica.com\/en\/#website\",\"url\":\"https:\/\/www.animations-doumica.com\/en\/\",\"name\":\"Agence \u00e9v\u00e9nementielle Montr\u00e9al Qu\u00e9bec\",\"description\":\"Organisation d\u2019\u00e9v\u00e9nement &amp; animation de soir\u00e9e\",\"potentialAction\":[{\"@type\":\"SearchAction\",\"target\":{\"@type\":\"EntryPoint\",\"urlTemplate\":\"https:\/\/www.animations-doumica.com\/en\/?s={search_term_string}\"},\"query-input\":{\"@type\":\"PropertyValueSpecification\",\"valueRequired\":true,\"valueName\":\"search_term_string\"}}],\"inLanguage\":\"en-US\"}]}<\/script>\n<!-- \/ Yoast SEO Premium plugin. -->","yoast_head_json":{"title":"Spectacle de danse th\u00e9matique tribal- Animation de soir\u00e9e","description":"Spectacle de danse th\u00e9matique Tribal pour \u00e9v\u00e9nement. Id\u00e9al pour animation de soir\u00e9e \u00e0 th\u00e8me tel que soir\u00e9e Africaine, Safari, Animation \u00e9v\u00e9nementielle.","robots":{"index":"index","follow":"follow","max-snippet":"max-snippet:-1","max-image-preview":"max-image-preview:large","max-video-preview":"max-video-preview:-1"},"canonical":"https:\/\/www.animations-doumica.com\/en\/amazonia\/","og_locale":"en_US","og_type":"article","og_title":"Amazonia","og_description":"Spectacle de danse th\u00e9matique Tribal pour \u00e9v\u00e9nement. Id\u00e9al pour animation de soir\u00e9e \u00e0 th\u00e8me tel que soir\u00e9e Africaine, Safari, Animation \u00e9v\u00e9nementielle.","og_url":"https:\/\/www.animations-doumica.com\/en\/amazonia\/","og_site_name":"Agence \u00e9v\u00e9nementielle Montr\u00e9al Qu\u00e9bec","article_publisher":"https:\/\/www.facebook.com\/animations.doumica\/","article_modified_time":"2025-08-19T16:43:41+00:00","og_image":[{"width":940,"height":400,"url":"https:\/\/www.animations-doumica.com\/wp-content\/uploads\/2017\/07\/Album-principal.jpg","type":"image\/jpeg"}],"twitter_card":"summary_large_image","twitter_site":"@Doumica","twitter_misc":{"Est. reading time":"5 minutes"},"schema":{"@context":"https:\/\/schema.org","@graph":[{"@type":"WebPage","@id":"https:\/\/www.animations-doumica.com\/en\/amazonia\/","url":"https:\/\/www.animations-doumica.com\/en\/amazonia\/","name":"Spectacle de danse th\u00e9matique tribal- Animation de soir\u00e9e","isPartOf":{"@id":"https:\/\/www.animations-doumica.com\/en\/#website"},"datePublished":"2017-09-06T11:30:05+00:00","dateModified":"2025-08-19T16:43:41+00:00","description":"Spectacle de danse th\u00e9matique Tribal pour \u00e9v\u00e9nement. Id\u00e9al pour animation de soir\u00e9e \u00e0 th\u00e8me tel que soir\u00e9e Africaine, Safari, Animation \u00e9v\u00e9nementielle.","breadcrumb":{"@id":"https:\/\/www.animations-doumica.com\/en\/amazonia\/#breadcrumb"},"inLanguage":"en-US","potentialAction":[{"@type":"ReadAction","target":["https:\/\/www.animations-doumica.com\/en\/amazonia\/"]}]},{"@type":"BreadcrumbList","@id":"https:\/\/www.animations-doumica.com\/en\/amazonia\/#breadcrumb","itemListElement":[{"@type":"ListItem","position":1,"name":"Home","item":"https:\/\/www.animations-doumica.com\/en\/"},{"@type":"ListItem","position":2,"name":"Amazonia"}]},{"@type":"WebSite","@id":"https:\/\/www.animations-doumica.com\/en\/#website","url":"https:\/\/www.animations-doumica.com\/en\/","name":"Agence \u00e9v\u00e9nementielle Montr\u00e9al Qu\u00e9bec","description":"Organisation d\u2019\u00e9v\u00e9nement &amp; animation de soir\u00e9e","potentialAction":[{"@type":"SearchAction","target":{"@type":"EntryPoint","urlTemplate":"https:\/\/www.animations-doumica.com\/en\/?s={search_term_string}"},"query-input":{"@type":"PropertyValueSpecification","valueRequired":true,"valueName":"search_term_string"}}],"inLanguage":"en-US"}]}},"_links":{"self":[{"href":"https:\/\/www.animations-doumica.com\/en\/wp-json\/wp\/v2\/pages\/6220","targetHints":{"allow":["GET"]}}],"collection":[{"href":"https:\/\/www.animations-doumica.com\/en\/wp-json\/wp\/v2\/pages"}],"about":[{"href":"https:\/\/www.animations-doumica.com\/en\/wp-json\/wp\/v2\/types\/page"}],"author":[{"embeddable":true,"href":"https:\/\/www.animations-doumica.com\/en\/wp-json\/wp\/v2\/users\/1"}],"replies":[{"embeddable":true,"href":"https:\/\/www.animations-doumica.com\/en\/wp-json\/wp\/v2\/comments?post=6220"}],"version-history":[{"count":2,"href":"https:\/\/www.animations-doumica.com\/en\/wp-json\/wp\/v2\/pages\/6220\/revisions"}],"predecessor-version":[{"id":7128,"href":"https:\/\/www.animations-doumica.com\/en\/wp-json\/wp\/v2\/pages\/6220\/revisions\/7128"}],"wp:attachment":[{"href":"https:\/\/www.animations-doumica.com\/en\/wp-json\/wp\/v2\/media?parent=6220"}],"curies":[{"name":"wp","href":"https:\/\/api.w.org\/{rel}","templated":true}]}}